{"id":810,"date":"2023-12-20T18:48:35","date_gmt":"2023-12-20T18:48:35","guid":{"rendered":"https:\/\/wilke-gitarrenlabor.de\/?page_id=810"},"modified":"2023-12-20T19:03:24","modified_gmt":"2023-12-20T19:03:24","slug":"akustische-gitarren","status":"publish","type":"page","link":"https:\/\/wilke-gitarrenlabor.de\/?page_id=810","title":{"rendered":"Buch: Akustische Gitarren"},"content":{"rendered":"\n<p class=\"has-medium-font-size\" style=\"letter-spacing:px\"><strong>Alles \u00fcber Konstruktion und Historie<\/strong><\/p>\n\n\n\n<p>Ob dieses Buch &#8222;alles&#8220; enth\u00e4lt, ist schlecht \u00fcberpr\u00fcfbar. Auf jeden Fall ist es sehr umfangreich, sehr detailreich, mit vielen Illustrationen ausgestattet und enth\u00e4lt viel mehr als &#8222;Konstruktion und Historie&#8220;, beispielweise &#8222;Pflege und Wartung&#8220; und einen &#8222;&#8230;Blick in die Zukunft&#8220;. Auch \u00fcber vermeintlich kleine Dinge schreiben die Autoren: &#8222;Vom Schnarren und Scheppern&#8220; oder \u00fcber das Aufziehen von Stahl und Nylonsaiten. Konstruktions und Reparaturfehler werden angesprochen.<\/p>\n\n\n\n<p>Das Buch (meines ist von 2003) spricht auch \u00f6kologische Themen an, wie beispielsweise die <a href=\"https:\/\/www.bfn.de\/thema\/cites\" target=\"_blank\" rel=\"noreferrer noopener\">CITES <\/a>Regeln zum Schutz von H\u00f6lzern. Die Autoren hinterfragen Einiges, was oft behauptet aber kaum belegt ist und versuchen die Elemente von Gitarren zu bennen, die wirklich f\u00fcr deren Klang verantwortlich sind. Etliche Konstruktionsvarianten werden sehr ausf\u00fchrlich dargestellt, beispielsweise werden neuere Deckenbeleistungen vorgestellt, die in den letzten Jahren erprobt wurden.<\/p>\n\n\n\n<p>Das Buch ist in moderner, gut lesbarer Sprache verfasst und auch als Bettlekt\u00fcre akzeptabel, zumindest f\u00fcr alle an akustischen Gitarren und technischen Themen Interessierte.<\/p>\n\n\n\n<p><a href=\"https:\/\/www.gccarstensen.de\/buecher\/akustische_gitarren#inhaltsverzeichnis\" target=\"_blank\" rel=\"noreferrer noopener\"><em>T. Gerken, M. Simmons, F. Ford, R. Johnston, Akustische Gitarren: ISBN 3-910098-24-X, 978-3-910098-24-4, 432 Seiten, DIN A5, EUR 25,50<\/em>,  <em>G C Carstensen Verlag, <\/em>M\u00fcnchen.<\/a><\/p>\n","protected":false},"excerpt":{"rendered":"<p>Alles \u00fcber Konstruktion und Historie Ob dieses Buch &#8222;alles&#8220; enth\u00e4lt, ist schlecht \u00fcberpr\u00fcfbar. Auf jeden Fall ist es sehr umfangreich, sehr detailreich, mit vielen Illustrationen ausgestattet und enth\u00e4lt viel mehr als &#8222;Konstruktion und Historie&#8220;, beispielweise &#8222;Pflege und Wartung&#8220; und einen &#8222;&#8230;Blick in die Zukunft&#8220;. Auch \u00fcber vermeintlich kleine Dinge schreiben die Autoren: &#8222;Vom Schnarren und &hellip; <a href=\"https:\/\/wilke-gitarrenlabor.de\/?page_id=810\" class=\"more-link\"><span class=\"screen-reader-text\">Buch: Akustische Gitarren<\/span> weiterlesen <span class=\"meta-nav\">&rarr;<\/span><\/a><\/p>\n","protected":false},"author":1,"featured_media":0,"parent":0,"menu_order":0,"comment_status":"closed","ping_status":"closed","template":"","meta":{"footnotes":""},"class_list":["post-810","page","type-page","status-publish","hentry"],"_links":{"self":[{"href":"https:\/\/wilke-gitarrenlabor.de\/index.php?rest_route=\/wp\/v2\/pages\/810","targetHints":{"allow":["GET"]}}],"collection":[{"href":"https:\/\/wilke-gitarrenlabor.de\/index.php?rest_route=\/wp\/v2\/pages"}],"about":[{"href":"https:\/\/wilke-gitarrenlabor.de\/index.php?rest_route=\/wp\/v2\/types\/page"}],"author":[{"embeddable":true,"href":"https:\/\/wilke-gitarrenlabor.de\/index.php?rest_route=\/wp\/v2\/users\/1"}],"replies":[{"embeddable":true,"href":"https:\/\/wilke-gitarrenlabor.de\/index.php?rest_route=%2Fwp%2Fv2%2Fcomments&post=810"}],"version-history":[{"count":9,"href":"https:\/\/wilke-gitarrenlabor.de\/index.php?rest_route=\/wp\/v2\/pages\/810\/revisions"}],"predecessor-version":[{"id":820,"href":"https:\/\/wilke-gitarrenlabor.de\/index.php?rest_route=\/wp\/v2\/pages\/810\/revisions\/820"}],"wp:attachment":[{"href":"https:\/\/wilke-gitarrenlabor.de\/index.php?rest_route=%2Fwp%2Fv2%2Fmedia&parent=810"}],"curies":[{"name":"wp","href":"https:\/\/api.w.org\/{rel}","templated":true}]}}