{"id":748,"date":"2023-11-09T15:02:08","date_gmt":"2023-11-09T15:02:08","guid":{"rendered":"https:\/\/wilke-gitarrenlabor.de\/?page_id=748"},"modified":"2023-11-09T15:02:08","modified_gmt":"2023-11-09T15:02:08","slug":"gitarren-2","status":"publish","type":"page","link":"https:\/\/wilke-gitarrenlabor.de\/?page_id=748","title":{"rendered":"Gitarren&#8230;"},"content":{"rendered":"\n<p>Hier stelle ich zu verschiedenen Aspekten rund um die Gitarre \u00dcberlegungen vor, die f\u00fcr manche, die mit Gitarren zu tun haben, interessant sein k\u00f6nnen. Zu den einzelnen Themen f\u00fcge ich dann und wann Links hinzu, die f\u00fcr meine \u00dcberlegungen wichtig waren oder f\u00fcr offene Fragen wichtig sind. <\/p>\n","protected":false},"excerpt":{"rendered":"<p>Hier stelle ich zu verschiedenen Aspekten rund um die Gitarre \u00dcberlegungen vor, die f\u00fcr manche, die mit Gitarren zu tun haben, interessant sein k\u00f6nnen. Zu den einzelnen Themen f\u00fcge ich dann und wann Links hinzu, die f\u00fcr meine \u00dcberlegungen wichtig waren oder f\u00fcr offene Fragen wichtig sind.<\/p>\n","protected":false},"author":1,"featured_media":0,"parent":0,"menu_order":0,"comment_status":"closed","ping_status":"closed","template":"","meta":{"footnotes":""},"class_list":["post-748","page","type-page","status-publish","hentry"],"_links":{"self":[{"href":"https:\/\/wilke-gitarrenlabor.de\/index.php?rest_route=\/wp\/v2\/pages\/748","targetHints":{"allow":["GET"]}}],"collection":[{"href":"https:\/\/wilke-gitarrenlabor.de\/index.php?rest_route=\/wp\/v2\/pages"}],"about":[{"href":"https:\/\/wilke-gitarrenlabor.de\/index.php?rest_route=\/wp\/v2\/types\/page"}],"author":[{"embeddable":true,"href":"https:\/\/wilke-gitarrenlabor.de\/index.php?rest_route=\/wp\/v2\/users\/1"}],"replies":[{"embeddable":true,"href":"https:\/\/wilke-gitarrenlabor.de\/index.php?rest_route=%2Fwp%2Fv2%2Fcomments&post=748"}],"version-history":[{"count":1,"href":"https:\/\/wilke-gitarrenlabor.de\/index.php?rest_route=\/wp\/v2\/pages\/748\/revisions"}],"predecessor-version":[{"id":750,"href":"https:\/\/wilke-gitarrenlabor.de\/index.php?rest_route=\/wp\/v2\/pages\/748\/revisions\/750"}],"wp:attachment":[{"href":"https:\/\/wilke-gitarrenlabor.de\/index.php?rest_route=%2Fwp%2Fv2%2Fmedia&parent=748"}],"curies":[{"name":"wp","href":"https:\/\/api.w.org\/{rel}","templated":true}]}}