{"id":713,"date":"2023-11-08T16:41:57","date_gmt":"2023-11-08T16:41:57","guid":{"rendered":"https:\/\/wilke-gitarrenlabor.de\/?page_id=713"},"modified":"2025-01-10T19:53:09","modified_gmt":"2025-01-10T19:53:09","slug":"greifhandfuehrung","status":"publish","type":"page","link":"https:\/\/wilke-gitarrenlabor.de\/?page_id=713","title":{"rendered":"Greifhandf\u00fchrung"},"content":{"rendered":"\n<p>Gitarrenh\u00e4lse sind in der Regel rundlich geformt. Das Halsprofil wird entweder als C-Profil, D-Profil oder als V-Profil oder so \u00e4hnlich bezeichnet. Der Daumen der Greifhand kann sich irgendwo abst\u00fctzen und der runde Daumen st\u00fctzt sich auf dem runden Hals ab, sozusagen Ball auf Ball, wie im Zirkus. Viele Gitarrenspielerinnen und -spieler lassen vielleicht deshalb den Gitarrenhals gerne in die Mulde zwischen dem Daumen und dem Zeigefinger rutschen&#8230;mit dem Nachteil der schlechteren Erreichbarkeit der Saiten f\u00fcr die Greifhand!<\/p>\n\n\n\n<p>In die Unterseite des Halses habe ich eine <strong>F\u00fchrungsrinne <\/strong>f\u00fcr den Daumen der Greifhand eingearbeitet, die sich leicht verdreht, etwa von der Halsmitte unterhalb des Sattels, bis fast zum unteren Ende des Halses\u00a0 beim Halsfu\u00df schraubt.<\/p>\n\n\n\n<figure class=\"wp-block-image\"><img loading=\"lazy\" decoding=\"async\" width=\"715\" height=\"349\" src=\"https:\/\/wilke-gitarrenlabor.de\/wp-content\/uploads\/2021\/03\/Typ-2-Daumenfuehrungsrinne-klein-1.jpg\" alt=\"\" class=\"wp-image-282\" srcset=\"https:\/\/wilke-gitarrenlabor.de\/wp-content\/uploads\/2021\/03\/Typ-2-Daumenfuehrungsrinne-klein-1.jpg 715w, https:\/\/wilke-gitarrenlabor.de\/wp-content\/uploads\/2021\/03\/Typ-2-Daumenfuehrungsrinne-klein-1-300x146.jpg 300w, https:\/\/wilke-gitarrenlabor.de\/wp-content\/uploads\/2021\/03\/Typ-2-Daumenfuehrungsrinne-klein-1-150x73.jpg 150w\" sizes=\"auto, (max-width: 715px) 100vw, 715px\" \/><\/figure>\n\n\n\n<p>Die F\u00fchrungsrinne verl\u00e4uft etwa so, wie der Daumenauflagepunkt der Greifhand sich bei klassischer Spielweise bewegt, wenn man zu den h\u00f6heren T\u00f6nen oder Lagen wechselt.<\/p>\n\n\n\n<p>Wenn man dem Halsprofil einen Namen geben wollte, k\u00f6nnte man es &#8222;verdrehtes L-Profil&#8220; nennen oder schicker und marketinggerecht: &#8222;twisted L-profile&#8220;&#8230;<\/p>\n","protected":false},"excerpt":{"rendered":"<p>Gitarrenh\u00e4lse sind in der Regel rundlich geformt. Das Halsprofil wird entweder als C-Profil, D-Profil oder als V-Profil oder so \u00e4hnlich bezeichnet. Der Daumen der Greifhand kann sich irgendwo abst\u00fctzen und der runde Daumen st\u00fctzt sich auf dem runden Hals ab, sozusagen Ball auf Ball, wie im Zirkus. Viele Gitarrenspielerinnen und -spieler lassen vielleicht deshalb den &hellip; <a href=\"https:\/\/wilke-gitarrenlabor.de\/?page_id=713\" class=\"more-link\"><span class=\"screen-reader-text\">Greifhandf\u00fchrung<\/span> weiterlesen <span class=\"meta-nav\">&rarr;<\/span><\/a><\/p>\n","protected":false},"author":1,"featured_media":0,"parent":0,"menu_order":0,"comment_status":"closed","ping_status":"closed","template":"","meta":{"footnotes":""},"class_list":["post-713","page","type-page","status-publish","hentry"],"_links":{"self":[{"href":"https:\/\/wilke-gitarrenlabor.de\/index.php?rest_route=\/wp\/v2\/pages\/713","targetHints":{"allow":["GET"]}}],"collection":[{"href":"https:\/\/wilke-gitarrenlabor.de\/index.php?rest_route=\/wp\/v2\/pages"}],"about":[{"href":"https:\/\/wilke-gitarrenlabor.de\/index.php?rest_route=\/wp\/v2\/types\/page"}],"author":[{"embeddable":true,"href":"https:\/\/wilke-gitarrenlabor.de\/index.php?rest_route=\/wp\/v2\/users\/1"}],"replies":[{"embeddable":true,"href":"https:\/\/wilke-gitarrenlabor.de\/index.php?rest_route=%2Fwp%2Fv2%2Fcomments&post=713"}],"version-history":[{"count":4,"href":"https:\/\/wilke-gitarrenlabor.de\/index.php?rest_route=\/wp\/v2\/pages\/713\/revisions"}],"predecessor-version":[{"id":979,"href":"https:\/\/wilke-gitarrenlabor.de\/index.php?rest_route=\/wp\/v2\/pages\/713\/revisions\/979"}],"wp:attachment":[{"href":"https:\/\/wilke-gitarrenlabor.de\/index.php?rest_route=%2Fwp%2Fv2%2Fmedia&parent=713"}],"curies":[{"name":"wp","href":"https:\/\/api.w.org\/{rel}","templated":true}]}}