{"id":703,"date":"2023-11-08T16:17:56","date_gmt":"2023-11-08T16:17:56","guid":{"rendered":"https:\/\/wilke-gitarrenlabor.de\/?page_id=703"},"modified":"2024-11-14T11:17:52","modified_gmt":"2024-11-14T11:17:52","slug":"caposystem","status":"publish","type":"page","link":"https:\/\/wilke-gitarrenlabor.de\/?page_id=703","title":{"rendered":"Kaposystem"},"content":{"rendered":"\n<p>Wieso System? Weil die hier vorgestellten Kapos nur verwendet werden k\u00f6nnen, wenn die Gitarre (oder ein anderes Instrument mit Griffbrett) f\u00fcr die Kapos vorbereitet ist. <\/p>\n\n\n\n<p><strong>Beispiel 1:<\/strong><\/p>\n\n\n\n<p>Diese Gitarre (<a href=\"https:\/\/wilke-gitarrenlabor.de\/?page_id=61\" data-type=\"link\" data-id=\"https:\/\/wilke-gitarrenlabor.de\/?page_id=61\">Konzertgitarre Modell 1, Prototyp 1 KG Modell 1<\/a>) ist vorbereitet f\u00fcr das Kaposystem 1 (Patentanmeldung beim DPMA unter 102022000922.6, Anmeldetag 17.3.2022, Offenlegung am 21.9.2023) und tr\u00e4gt im Bild eine Kapovariante aus Messing und Filz. Dieser Kapo wird durch kleine Bohrungen im Griffbrett in unter dem Griffbrett eingelassene <strong>Muttern<\/strong> mit einer R\u00e4ndelschraube fixiert.<\/p>\n\n\n\n<p>Der Vorteil dieser Konstruktion liegt darin, dass die Handstellungen der Greifhand fast nicht durch den Kapo gest\u00f6rt werden und man &#8222;wie immer&#8220; spielen kann. Ein weiterer Vorteil liegt darin, dass die Saitenspannung durch das Kaposystem kaum ver\u00e4ndert wird und ein Nachstimmen kaum n\u00f6tig ist.<\/p>\n\n\n\n<figure class=\"wp-block-image is-resized\"><img loading=\"lazy\" decoding=\"async\" width=\"594\" height=\"611\" src=\"https:\/\/wilke-gitarrenlabor.de\/wp-content\/uploads\/2023\/11\/Capo-1-e1699449291156.jpg\" alt=\"\" class=\"wp-image-698\" style=\"width:279px;height:auto\" srcset=\"https:\/\/wilke-gitarrenlabor.de\/wp-content\/uploads\/2023\/11\/Capo-1-e1699449291156.jpg 594w, https:\/\/wilke-gitarrenlabor.de\/wp-content\/uploads\/2023\/11\/Capo-1-e1699449291156-300x309.jpg 300w\" sizes=\"auto, (max-width: 594px) 100vw, 594px\" \/><\/figure>\n\n\n\n<figure class=\"wp-block-image is-resized\"><img loading=\"lazy\" decoding=\"async\" width=\"1155\" height=\"1121\" src=\"https:\/\/wilke-gitarrenlabor.de\/wp-content\/uploads\/2023\/11\/Capo-1-Seite-2.jpg\" alt=\"\" class=\"wp-image-697\" style=\"width:280px;height:auto\" srcset=\"https:\/\/wilke-gitarrenlabor.de\/wp-content\/uploads\/2023\/11\/Capo-1-Seite-2.jpg 1155w, https:\/\/wilke-gitarrenlabor.de\/wp-content\/uploads\/2023\/11\/Capo-1-Seite-2-300x291.jpg 300w, https:\/\/wilke-gitarrenlabor.de\/wp-content\/uploads\/2023\/11\/Capo-1-Seite-2-150x146.jpg 150w, https:\/\/wilke-gitarrenlabor.de\/wp-content\/uploads\/2023\/11\/Capo-1-Seite-2-768x745.jpg 768w\" sizes=\"auto, (max-width: 1155px) 100vw, 1155px\" \/><\/figure>\n\n\n\n<p><strong>Beispiel 2:<\/strong><\/p>\n\n\n\n<p>Die unten gezeigte Gitarre (<a href=\"https:\/\/wilke-gitarrenlabor.de\/?page_id=225\" data-type=\"link\" data-id=\"https:\/\/wilke-gitarrenlabor.de\/?page_id=225\">Konzertgitarre Modell 2, Prototyp 1 KG Modell 2<\/a>)ist ebenfalls vorbereitet f\u00fcr das Kaposystem 1 (Patentanmeldung beim DPMA unter 102022000922.6, Offenlegung am 21.9.2023) und tr\u00e4gt im Bild eine etwas andere Kapovariante aus Messing und Filz. Dieser extrem flache Kapo wird durch <strong>kleine Bohrungen im Griffbrett<\/strong> in unter dem Griffbrett<strong> eingelassene Schrauben<\/strong> mit Hilfe einer H\u00fclsenmutter fixiert.<\/p>\n\n\n\n<p>Der Vorteil dieser Konstruktion liegt darin, dass die Handstellungen der Greifhand fast nicht durch den Kapo gest\u00f6rt werden und man &#8222;wie immer&#8220; spielen kann. Ein weiterer Vorteil liegt darin, dass die Saitenspannung durch diese Variante des Kaposystems, bei dem der Kapo sich auf<strong> kleinen &#8222;F\u00fc\u00dfchen&#8220;<\/strong> auf dem Griffbrett zwischen den Saiten abst\u00fctzt, so gut wie nicht ver\u00e4ndert wird und ein Nachstimmen nicht n\u00f6tig ist.<\/p>\n\n\n\n<figure class=\"wp-block-image is-resized\"><img loading=\"lazy\" decoding=\"async\" width=\"492\" height=\"905\" src=\"https:\/\/wilke-gitarrenlabor.de\/wp-content\/uploads\/2023\/11\/Variante-mit-Fuesschen-scaled-e1699453180182.jpg\" alt=\"\" class=\"wp-image-702\" style=\"width:276px;height:auto\" srcset=\"https:\/\/wilke-gitarrenlabor.de\/wp-content\/uploads\/2023\/11\/Variante-mit-Fuesschen-scaled-e1699453180182.jpg 492w, https:\/\/wilke-gitarrenlabor.de\/wp-content\/uploads\/2023\/11\/Variante-mit-Fuesschen-scaled-e1699453180182-300x552.jpg 300w\" sizes=\"auto, (max-width: 492px) 100vw, 492px\" \/><\/figure>\n\n\n\n<figure class=\"wp-block-image is-resized\"><img loading=\"lazy\" decoding=\"async\" width=\"475\" height=\"687\" src=\"https:\/\/wilke-gitarrenlabor.de\/wp-content\/uploads\/2023\/11\/Variante-mit-Fuesschen-Seite-e1699453137379.jpg\" alt=\"\" class=\"wp-image-701\" style=\"width:304px;height:auto\" srcset=\"https:\/\/wilke-gitarrenlabor.de\/wp-content\/uploads\/2023\/11\/Variante-mit-Fuesschen-Seite-e1699453137379.jpg 475w, https:\/\/wilke-gitarrenlabor.de\/wp-content\/uploads\/2023\/11\/Variante-mit-Fuesschen-Seite-e1699453137379-300x434.jpg 300w\" sizes=\"auto, (max-width: 475px) 100vw, 475px\" \/><\/figure>\n\n\n\n<figure class=\"wp-block-image is-resized\"><img loading=\"lazy\" decoding=\"async\" width=\"327\" height=\"396\" src=\"https:\/\/wilke-gitarrenlabor.de\/wp-content\/uploads\/2023\/11\/Fuesschen-e1699453092367.jpg\" alt=\"\" class=\"wp-image-700\" style=\"width:300px;height:auto\" srcset=\"https:\/\/wilke-gitarrenlabor.de\/wp-content\/uploads\/2023\/11\/Fuesschen-e1699453092367.jpg 327w, https:\/\/wilke-gitarrenlabor.de\/wp-content\/uploads\/2023\/11\/Fuesschen-e1699453092367-300x363.jpg 300w\" sizes=\"auto, (max-width: 327px) 100vw, 327px\" \/><\/figure>\n","protected":false},"excerpt":{"rendered":"<p>Wieso System? Weil die hier vorgestellten Kapos nur verwendet werden k\u00f6nnen, wenn die Gitarre (oder ein anderes Instrument mit Griffbrett) f\u00fcr die Kapos vorbereitet ist. Beispiel 1: Diese Gitarre (Konzertgitarre Modell 1, Prototyp 1 KG Modell 1) ist vorbereitet f\u00fcr das Kaposystem 1 (Patentanmeldung beim DPMA unter 102022000922.6, Anmeldetag 17.3.2022, Offenlegung am 21.9.2023) und tr\u00e4gt &hellip; <a href=\"https:\/\/wilke-gitarrenlabor.de\/?page_id=703\" class=\"more-link\"><span class=\"screen-reader-text\">Kaposystem<\/span> weiterlesen <span class=\"meta-nav\">&rarr;<\/span><\/a><\/p>\n","protected":false},"author":1,"featured_media":0,"parent":0,"menu_order":0,"comment_status":"closed","ping_status":"closed","template":"","meta":{"footnotes":""},"class_list":["post-703","page","type-page","status-publish","hentry"],"_links":{"self":[{"href":"https:\/\/wilke-gitarrenlabor.de\/index.php?rest_route=\/wp\/v2\/pages\/703","targetHints":{"allow":["GET"]}}],"collection":[{"href":"https:\/\/wilke-gitarrenlabor.de\/index.php?rest_route=\/wp\/v2\/pages"}],"about":[{"href":"https:\/\/wilke-gitarrenlabor.de\/index.php?rest_route=\/wp\/v2\/types\/page"}],"author":[{"embeddable":true,"href":"https:\/\/wilke-gitarrenlabor.de\/index.php?rest_route=\/wp\/v2\/users\/1"}],"replies":[{"embeddable":true,"href":"https:\/\/wilke-gitarrenlabor.de\/index.php?rest_route=%2Fwp%2Fv2%2Fcomments&post=703"}],"version-history":[{"count":12,"href":"https:\/\/wilke-gitarrenlabor.de\/index.php?rest_route=\/wp\/v2\/pages\/703\/revisions"}],"predecessor-version":[{"id":917,"href":"https:\/\/wilke-gitarrenlabor.de\/index.php?rest_route=\/wp\/v2\/pages\/703\/revisions\/917"}],"wp:attachment":[{"href":"https:\/\/wilke-gitarrenlabor.de\/index.php?rest_route=%2Fwp%2Fv2%2Fmedia&parent=703"}],"curies":[{"name":"wp","href":"https:\/\/api.w.org\/{rel}","templated":true}]}}