{"id":657,"date":"2023-11-03T17:05:42","date_gmt":"2023-11-03T17:05:42","guid":{"rendered":"https:\/\/wilke-gitarrenlabor.de\/?page_id=657"},"modified":"2023-11-08T11:56:39","modified_gmt":"2023-11-08T11:56:39","slug":"versandarten","status":"publish","type":"page","link":"https:\/\/wilke-gitarrenlabor.de\/?page_id=657","title":{"rendered":"Versandarten"},"content":{"rendered":"\n<p>Sie k\u00f6nnen w\u00e4hlen zwischen dem Versand per DHL oder der Abholung in Stuttgart.<\/p>\n\n\n\n<p>F\u00fcr den Versand wird eine Pauschale berechnet, deren H\u00f6he vom Zielort und der Versandart abh\u00e4ngt. F\u00fcr &#8222;Warensendungen&#8220; innerhalb Deutschlands werden beispielsweise pauschal 3 Euro berechnet, f\u00fcr P\u00e4ckchen innerhalb Deutschlands 5 Euro, f\u00fcr Pakete werden individuelle Preise angegeben.<\/p>\n\n\n\n<p>Ab einem Mindestbestellwert von 100 Euro werden die Artikel deutschlandweit kostenlos versandt.<\/p>\n\n\n\n<p>Europaweit werden die Artikel ab einem Bestellwert von 200 Euro kostenlos versandt.<\/p>\n","protected":false},"excerpt":{"rendered":"<p>Sie k\u00f6nnen w\u00e4hlen zwischen dem Versand per DHL oder der Abholung in Stuttgart. F\u00fcr den Versand wird eine Pauschale berechnet, deren H\u00f6he vom Zielort und der Versandart abh\u00e4ngt. F\u00fcr &#8222;Warensendungen&#8220; innerhalb Deutschlands werden beispielsweise pauschal 3 Euro berechnet, f\u00fcr P\u00e4ckchen innerhalb Deutschlands 5 Euro, f\u00fcr Pakete werden individuelle Preise angegeben. Ab einem Mindestbestellwert von 100 &hellip; <a href=\"https:\/\/wilke-gitarrenlabor.de\/?page_id=657\" class=\"more-link\"><span class=\"screen-reader-text\">Versandarten<\/span> weiterlesen <span class=\"meta-nav\">&rarr;<\/span><\/a><\/p>\n","protected":false},"author":1,"featured_media":0,"parent":0,"menu_order":0,"comment_status":"closed","ping_status":"closed","template":"","meta":{"footnotes":""},"class_list":["post-657","page","type-page","status-publish","hentry"],"_links":{"self":[{"href":"https:\/\/wilke-gitarrenlabor.de\/index.php?rest_route=\/wp\/v2\/pages\/657","targetHints":{"allow":["GET"]}}],"collection":[{"href":"https:\/\/wilke-gitarrenlabor.de\/index.php?rest_route=\/wp\/v2\/pages"}],"about":[{"href":"https:\/\/wilke-gitarrenlabor.de\/index.php?rest_route=\/wp\/v2\/types\/page"}],"author":[{"embeddable":true,"href":"https:\/\/wilke-gitarrenlabor.de\/index.php?rest_route=\/wp\/v2\/users\/1"}],"replies":[{"embeddable":true,"href":"https:\/\/wilke-gitarrenlabor.de\/index.php?rest_route=%2Fwp%2Fv2%2Fcomments&post=657"}],"version-history":[{"count":7,"href":"https:\/\/wilke-gitarrenlabor.de\/index.php?rest_route=\/wp\/v2\/pages\/657\/revisions"}],"predecessor-version":[{"id":693,"href":"https:\/\/wilke-gitarrenlabor.de\/index.php?rest_route=\/wp\/v2\/pages\/657\/revisions\/693"}],"wp:attachment":[{"href":"https:\/\/wilke-gitarrenlabor.de\/index.php?rest_route=%2Fwp%2Fv2%2Fmedia&parent=657"}],"curies":[{"name":"wp","href":"https:\/\/api.w.org\/{rel}","templated":true}]}}