{"id":655,"date":"2023-11-03T17:05:42","date_gmt":"2023-11-03T17:05:42","guid":{"rendered":"https:\/\/wilke-gitarrenlabor.de\/?page_id=655"},"modified":"2023-11-07T20:32:10","modified_gmt":"2023-11-07T20:32:10","slug":"widerrufsbelehrung","status":"publish","type":"page","link":"https:\/\/wilke-gitarrenlabor.de\/?page_id=655","title":{"rendered":"Widerrufsbestimmungen"},"content":{"rendered":"\n<p><strong>Das Wichtigste in K\u00fcrze (Informationen von den Verbraucherzentralen):<\/strong><\/p>\n\n\n\n<ul class=\"wp-block-list\">\n<li>Haben Sie einen Vertrag au\u00dferhalb eines Gesch\u00e4ftsraums, im Internet oder am Telefon abgeschlossen, steht Ihnen ein Widerrufsrecht zu.<\/li>\n\n\n\n<li>Das Widerrufsrecht gilt in der Regel 14 Tage nach Abschluss eines Vertrages oder dem Erhalt bestellter Ware.<\/li>\n\n\n\n<li>Um einen Vertrag zu widerrufen, m\u00fcssen Sie dies dem H\u00e4ndler oder Vertragspartner mitteilen.&nbsp;Dies kann formlos geschehen, also z.B. per E-Mail.<\/li>\n\n\n\n<li>Nutzen Sie zum Widerruf zum Beispiel das vom H\u00e4ndler mitgelieferte Formular oder den&nbsp;<a href=\"https:\/\/www.verbraucherzentrale.de\/umtauschcheck-54413\" target=\"_blank\" rel=\"noreferrer noopener\">Umtausch-Check&nbsp;<\/a>der Verbraucherzentralen.<\/li>\n\n\n\n<li>Verz\u00f6gert sich die vereinbarte Leistung, k\u00f6nnen Sie nach einer angemessenen Frist vom Vertrag zur\u00fccktreten.<\/li>\n<\/ul>\n\n\n\n<h2 class=\"wp-block-heading\" id=\"0\">Wie kann ich einen Vertrag widerrufen?<\/h2>\n\n\n\n<p>Zun\u00e4chst m\u00fcssen Sie dem Vertragspartner mitteilen, dass Sie den Vertrag widerrufen. Den Widerruf k\u00f6nnen Sie m\u00fcndlich oder schriftlich erkl\u00e4ren. Verwenden Sie hierf\u00fcr das Musterwiderrufs-Formular, das das Unternehmen mitgeliefert hat, und verschicken es am besten per Einschreiben. So haben Sie im Streitfall einen Beweis.<br><br>Sie m\u00fcssen das Musterwiderrufs-Formular aber nicht verwenden. Sie k\u00f6nnen Ihren Widerruf auch auf andere Weise erkl\u00e4ren, zum Beispiel \u00fcber den&nbsp;<a href=\"https:\/\/www.verbraucherzentrale.de\/umtauschcheck-54413\" target=\"_blank\" rel=\"noreferrer noopener\">Umtausch-Check<\/a>&nbsp;der Verbraucherzentralen.&nbsp;<strong>Legen Sie das Formular oder Ihr Widerrufsschreiben beim Zur\u00fccksenden der Ware mit ins Paket.&nbsp;<\/strong>Zur Sicherheit sollten Sie den Widerruf zus\u00e4tzlich per Einschreiben oder per E-Mail erkl\u00e4ren.&nbsp;Ein Widerruf kann allerdings formlos erfolgen &#8211; entgegen weit verbreiteter Ansicht ist eine Unterschrift nicht erforderlich.<br><br><strong>Hinweis<\/strong>: Es reicht nicht aus, die Ware kommentarlos zur\u00fcckzuschicken. Sie m\u00fcssen den Widerruf in jedem Fall gegen\u00fcber dem Verk\u00e4ufer oder Unternehmer erkl\u00e4ren. Einen Grund, warum Sie widerrufen wollen, m\u00fcssen Sie nicht angeben.<\/p>\n\n\n\n<h2 class=\"wp-block-heading\" id=\"1\">Wie lange habe ich Zeit, einen Vertrag zu widerrufen?<\/h2>\n\n\n\n<p>Die Widerrufsfrist betr\u00e4gt&nbsp;<strong>14 Tage<\/strong>. Allerdings gilt diese Frist erst, wenn Sie von Ihrem Vertragspartner oder Verk\u00e4ufer \u00fcber Ihr Widerrufsrecht informiert wurden und Ihnen&nbsp;<strong>die Widerrufsbelehrung vorliegt<\/strong>. Reicht der H\u00e4ndler die Belehrung nach, haben Sie ab dann 14 Tage Zeit f\u00fcr den Widerruf. Das Widerrufsrecht erlischt sp\u00e4testens nach einem Jahr und 14 Tagen.<\/p>\n\n\n\n<p>Die Frist beginnt zu unterschiedlichen Zeitpunkten:<\/p>\n\n\n\n<ul class=\"wp-block-list\">\n<li>Haben Sie Waren bestellt, beginnt die Frist ab dem Tag, an dem Sie die<strong>&nbsp;Ware erhalten<\/strong>. Der Tag, an dem die Frist beginnt, wird jedoch<a href=\"https:\/\/www.gesetze-im-internet.de\/bgb\/__187.html\" target=\"_blank\" rel=\"noreferrer noopener\">&nbsp;bei der Berechnung nicht mitgez\u00e4hlt<\/a>.<\/li>\n\n\n\n<li>Erfolgt die Lieferung in Teilen, beginnt die Frist an dem Tag, an dem die letzte Lieferung erfolgt. Ausnahme sind hier Abo-Vertr\u00e4ge, z.B. Zeitschriften-Abo. Hier beginnt die Frist mit Erhalt der ersten Leistung.<\/li>\n<\/ul>\n\n\n\n<p><\/p>\n\n\n\n<p><strong>Inhalte des Musterbriefs von den Verbraucherzentralen:<\/strong><\/p>\n\n\n\n<p><strong>An:<\/strong><br>Wilke Gigarrenlabor UG (haftungsbeschr\u00e4nkt), Rotenberger Steige 7\/1, 70327 Stuttgart<\/p>\n\n\n\n<p><strong>Absender:<\/strong><br>Michaela Muster<br>Musterweg 1<br>99999 Musterstadt<br><\/p>\n\n\n\n<p><strong>Datum<\/strong><br><\/p>\n\n\n\n<p><strong>Widerruf meines Vertrages<\/strong><br><\/p>\n\n\n\n<p><strong>Kundennummer\/Bestellnummer:<\/strong><br><\/p>\n\n\n\n<p>Sehr geehrte Damen und Herren,<br>hiermit widerrufe ich den von mir abgeschlossenen Vertrag:<br>[F\u00fcgen Sie eine m\u00f6glichst genaue Beschreibung der gekauften Waren bzw. der Dienstleistung ein]<br>Ich bitte um die umgehende Best\u00e4tigung meines Widerrufs.<br>[optional: Widerruf der Einwilligung in die Verarbeitung personenbezogener Daten:]<br>Dar\u00fcber hinaus widerrufe ich hiermit gem. Art 7 Abs. 3 S. 1 DSGVO vorsorglich meine Einwilligung in die Verarbeitung meiner personenbezogenen Daten, sofern diese wirksam erteilt wurde.<br>Ich fordere Sie auf, meine bei Ihnen gespeicherten personenbezogenen Daten unverz\u00fcglich zu<br>l\u00f6schen, Art. 17 Abs. 1 b) DSGVO. Falls Sie meine personenbezogenen Daten weiteren Empf\u00e4ngern offengelegt haben, verlange ich au\u00dferdem, dass Sie die Empf\u00e4nger \u00fcber die L\u00f6schung meiner personenbezogenen Daten informieren.<br>Ich bitte um unverz\u00fcgliche Best\u00e4tigung, dass meine personenbezogenen Daten bei Ihnen gel\u00f6scht wurden sowie, dass Sie die weiteren Empf\u00e4nger durch Zusendung einer Kopie \u00fcber mein L\u00f6schungsverlangen informiert haben.<br>Sollten Sie meinem L\u00f6schungsersuchen nicht nachkommen, fordere ich Sie auf, Ihre<br>Entscheidung mir gegen\u00fcber unter Angabe der gesetzlichen Grundlage unverz\u00fcglich zu<br>begr\u00fcnden. In diesem Fall sind die entsprechenden Daten umgehend zu sperren.<br><\/p>\n\n\n\n<p>Mit freundlichen Gr\u00fc\u00dfen<br>(Unterschrift)<br><br><strong>Folgen des Widerrufs<\/strong><br><br>Wenn Sie diesen Vertrag widerrufen, haben wir Ihnen alle Zahlungen, die wir von Ihnen erhalten haben, einschlie\u00dflich der Lieferkosten (mit Ausnahme der zus\u00e4tzlichen Kosten, die sich daraus ergeben, dass Sie eine andere Art der Lieferung als die von uns angebotene, g\u00fcnstigste Standardlieferung gew\u00e4hlt haben), unverz\u00fcglich und sp\u00e4testens binnen vierzehn Tagen ab dem Tag zur\u00fcckzuzahlen, an dem die Mitteilung \u00fcber Ihren Widerruf dieses Vertrags bei uns eingegangen ist. F\u00fcr diese R\u00fcckzahlung verwenden wir dasselbe Zahlungsmittel, das Sie bei der urspr\u00fcnglichen Transaktion eingesetzt haben, es sei denn, mit Ihnen wurde ausdr\u00fccklich etwas anderes vereinbart; in keinem Fall werden Ihnen wegen dieser R\u00fcckzahlung Entgelte berechnet. Wir k\u00f6nnen die R\u00fcckzahlung verweigern, bis wir die Waren wieder zur\u00fcckerhalten haben oder bis Sie den Nachweis erbracht haben, dass Sie die Waren zur\u00fcckgesandt haben, je nachdem, welches der fr\u00fchere Zeitpunkt ist.<br><br>Sie haben die Waren unverz\u00fcglich und in jedem Fall sp\u00e4testens binnen vierzehn Tagen ab dem Tag, an dem Sie uns \u00fcber den Widerruf dieses Vertrages unterrichten, an uns oder an (hier sind gegebenenfalls der Name und die Anschrift der von Ihnen zur Entgegennahme der Ware erm\u00e4chtigten Person einzuf\u00fcgen) zur\u00fcckzusenden oder zu \u00fcbergeben. Die Frist ist gewahrt, wenn Sie die Waren vor Ablauf der Frist von vierzehn Tagen absenden.<br><br>Sie tragen die unmittelbaren Kosten der R\u00fccksendung der Waren.<br><br>Sie m\u00fcssen f\u00fcr einen etwaigen Wertverlust der Waren nur aufkommen, wenn dieser Wertverlust auf einen zur Pr\u00fcfung der Beschaffenheit, Eigenschaften und Funktionsweise der Waren nicht notwendigen Umgang mit ihnen zur\u00fcckzuf\u00fchren ist.<\/p>\n","protected":false},"excerpt":{"rendered":"<p>Das Wichtigste in K\u00fcrze (Informationen von den Verbraucherzentralen): Wie kann ich einen Vertrag widerrufen? Zun\u00e4chst m\u00fcssen Sie dem Vertragspartner mitteilen, dass Sie den Vertrag widerrufen. Den Widerruf k\u00f6nnen Sie m\u00fcndlich oder schriftlich erkl\u00e4ren. Verwenden Sie hierf\u00fcr das Musterwiderrufs-Formular, das das Unternehmen mitgeliefert hat, und verschicken es am besten per Einschreiben. So haben Sie im Streitfall &hellip; <a href=\"https:\/\/wilke-gitarrenlabor.de\/?page_id=655\" class=\"more-link\"><span class=\"screen-reader-text\">Widerrufsbestimmungen<\/span> weiterlesen <span class=\"meta-nav\">&rarr;<\/span><\/a><\/p>\n","protected":false},"author":1,"featured_media":0,"parent":0,"menu_order":0,"comment_status":"closed","ping_status":"closed","template":"","meta":{"footnotes":""},"class_list":["post-655","page","type-page","status-publish","hentry"],"_links":{"self":[{"href":"https:\/\/wilke-gitarrenlabor.de\/index.php?rest_route=\/wp\/v2\/pages\/655","targetHints":{"allow":["GET"]}}],"collection":[{"href":"https:\/\/wilke-gitarrenlabor.de\/index.php?rest_route=\/wp\/v2\/pages"}],"about":[{"href":"https:\/\/wilke-gitarrenlabor.de\/index.php?rest_route=\/wp\/v2\/types\/page"}],"author":[{"embeddable":true,"href":"https:\/\/wilke-gitarrenlabor.de\/index.php?rest_route=\/wp\/v2\/users\/1"}],"replies":[{"embeddable":true,"href":"https:\/\/wilke-gitarrenlabor.de\/index.php?rest_route=%2Fwp%2Fv2%2Fcomments&post=655"}],"version-history":[{"count":4,"href":"https:\/\/wilke-gitarrenlabor.de\/index.php?rest_route=\/wp\/v2\/pages\/655\/revisions"}],"predecessor-version":[{"id":682,"href":"https:\/\/wilke-gitarrenlabor.de\/index.php?rest_route=\/wp\/v2\/pages\/655\/revisions\/682"}],"wp:attachment":[{"href":"https:\/\/wilke-gitarrenlabor.de\/index.php?rest_route=%2Fwp%2Fv2%2Fmedia&parent=655"}],"curies":[{"name":"wp","href":"https:\/\/api.w.org\/{rel}","templated":true}]}}