{"id":653,"date":"2023-11-03T17:05:42","date_gmt":"2023-11-03T17:05:42","guid":{"rendered":"https:\/\/wilke-gitarrenlabor.de\/?page_id=653"},"modified":"2026-01-06T16:27:44","modified_gmt":"2026-01-06T16:27:44","slug":"agb","status":"publish","type":"page","link":"https:\/\/wilke-gitarrenlabor.de\/?page_id=653","title":{"rendered":"AGB (Allgemeine Gesch\u00e4ftsbedingungen)"},"content":{"rendered":"\n<ol style=\"list-style-type:1\" class=\"wp-block-list\">\n<li><strong>Geltungsbereich<\/strong><\/li>\n\n\n\n<li><strong>Vertragspartner<\/strong><\/li>\n\n\n\n<li><strong>Vertragsschluss<\/strong><\/li>\n\n\n\n<li><strong>Widerrufsrecht<\/strong><\/li>\n\n\n\n<li><strong>Preise und Versandkosten<\/strong><\/li>\n\n\n\n<li><strong>Lieferung<\/strong><\/li>\n\n\n\n<li><strong>Zahlung<\/strong><\/li>\n\n\n\n<li><strong>Eigentumsvorbehalt<\/strong><\/li>\n\n\n\n<li><strong>Streitbeilegung<\/strong><\/li>\n<\/ol>\n\n\n\n<p><strong>Allgemeine Gesch\u00e4ftsbedingungen f\u00fcr den Webshop der <\/strong><strong>Wilke Gitarrenlabor UG (haftungsbeschr\u00e4nkt)<\/strong><\/p>\n\n\n\n<ol style=\"list-style-type:1\" class=\"wp-block-list\">\n<li><strong>Geltungsbereich<br><\/strong>F\u00fcr alle Lieferungen von Webshop der Wilke Gitarrenlabor UG (haftungsbeschr\u00e4nkt) (nachfolgend WGL Webshop) an Verbraucher gelten diese Allgemeinen Gesch\u00e4ftsbedingungen (AGB).<br>Verbraucher ist jede nat\u00fcrliche Person, die ein Rechtsgesch\u00e4ft zu einem Zwecke abschlie\u00dft, der \u00fcberwiegend weder ihrer gewerblichen noch ihrer selbstst\u00e4ndigen beruflichen T\u00e4tigkeit zugerechnet werden kann.<br><br><\/li>\n\n\n\n<li><strong>Vertragspartner<br><\/strong>Der Kaufvertrag kommt zustande mit Wilke Gitarrenlabor UG (haftungsbeschr\u00e4nkt), Inhaber: J\u00fcrgen Wilke, Rotenberger Steige 7\/1, 70327 Stuttgart, Handelsregister: Amtsgericht Stuttgart, HRB 743183.<br><br><\/li>\n\n\n\n<li><strong>Vertragsschluss<\/strong><ol><li>Die Darstellung der Produkte im Online-Shop stellt kein rechtlich bindendes Angebot, sondern nur eine Aufforderung zur Bestellung dar.<\/li><\/ol>\n<ol class=\"wp-block-list\">\n<li>Durch Anklicken des Buttons [jetzt kaufen\/kostenpflichtig bestellen] geben Sie eine verbindliche Bestellung der auf der Bestellseite aufgelisteten Waren ab. Ihr Kaufvertrag kommt zustande, wenn wir Ihre Bestellung durch eine Auftragsbest\u00e4tigung per E-Mail unmittelbar nach dem Erhalt Ihrer Bestellung annehmen.<br><br><\/li>\n<\/ol>\n<\/li>\n\n\n\n<li><strong>Widerrufsrecht<\/strong><ol><li>Wenn Sie Verbraucher sind (also eine nat\u00fcrliche Person, die die Bestellung zu einem Zweck abgibt, der weder Ihrer gewerblichen oder selbst\u00e4ndigen beruflichen T\u00e4tigkeit zugerechnet werden kann), steht Ihnen nach Ma\u00dfgabe der gesetzlichen Bestimmungen ein Widerrufsrecht zu. (siehe auch auf der Seite Widerrufsbestimmungen auf den Shop-Webseiten)<\/li><\/ol><ol><li>Machen Sie als Verbraucher von Ihrem Widerrufsrecht nach Ziffer 4.1 Gebrauch, so haben Sie die regelm\u00e4\u00dfigen Kosten der R\u00fccksendung zu tragen.<\/li><\/ol>\n<ol class=\"wp-block-list\">\n<li>Im \u00dcbrigen gelten f\u00fcr das Widerrufsrecht die Regelungen, die im Einzelnen wiedergegeben sind in der folgenden<strong><br><br><\/strong><\/li>\n<\/ol>\n<\/li>\n\n\n\n<li><strong>Preise und Versandkosten<\/strong><ol><li>Die auf den Kassenseiten genannten Preise enthalten neben den Nettopreisen der Waren die gesetzliche Mehrwertsteuer und sonstige Preisbestandteile.<\/li><\/ol><ol><li>Zus\u00e4tzlich zu den angegebenen Preisen berechnen wir f\u00fcr die Lieferung. Voraussetzung f\u00fcr die Berechnung der Lieferkosten ist, dass Sie ihre Adresse eingegeben haben, bzw. das s Sie sinch registrier oder angemeldet haben. Die Versandkosten werden Ihnen auf den Kaufenseite nochmals deutlich mitgeteilt.<\/li><\/ol>\n<ol class=\"wp-block-list\">\n<li>Weitere Steuern oder Kosten fallen nicht an.<br><br><\/li>\n<\/ol>\n<\/li>\n\n\n\n<li><strong>Lieferung<\/strong><ol><li>Die Lieferung erfolgt innerhalb Deutschlands mit, innerhalb der Europ\u00e4ischen Union und in ausgew\u00e4hlte L\u00e4nder weltweit.<\/li><\/ol>\n<ol class=\"wp-block-list\">\n<li>Die Lieferzeit betr\u00e4gt innerhalb Deutschlands bis zu 5 Tage. Auf abweichende Lieferzeiten weisen wir auf der jeweiligen Produktseite hin.<br><br><\/li>\n<\/ol>\n<\/li>\n\n\n\n<li><strong>Zahlung<\/strong><ol><li>Die Zahlung erfolgt per Vorkasse oder auf Rechnung, wenn dies bei dem Produkt auf dessen Produktseite ausdr\u00fccklich genannt ist.<\/li><\/ol>\n<ol class=\"wp-block-list\">\n<li>Bei Auswahl der Zahlungsart nennen wir Ihnen unsere Bankverbindung in der Auftragsbest\u00e4tigung und liefern die Ware nach Zahlungseingang.<br><br><\/li>\n<\/ol>\n<\/li>\n\n\n\n<li><strong>Eigentumsvorbehalt<br><\/strong>Bis zur vollst\u00e4ndigen Zahlung bleibt die Ware unser Eigentum.<br><br><\/li>\n\n\n\n<li><strong>Streitbeilegung<br><\/strong>Zur Teilnahme an einem Streitbeilegungsverfahren vor einer Verbraucherschlichtungsstelle sind wir nicht verpflichtet und nicht bereit.<\/li>\n<\/ol>\n","protected":false},"excerpt":{"rendered":"<p>Allgemeine Gesch\u00e4ftsbedingungen f\u00fcr den Webshop der Wilke Gitarrenlabor UG (haftungsbeschr\u00e4nkt)<\/p>\n","protected":false},"author":1,"featured_media":0,"parent":0,"menu_order":0,"comment_status":"closed","ping_status":"closed","template":"","meta":{"footnotes":""},"class_list":["post-653","page","type-page","status-publish","hentry"],"_links":{"self":[{"href":"https:\/\/wilke-gitarrenlabor.de\/index.php?rest_route=\/wp\/v2\/pages\/653","targetHints":{"allow":["GET"]}}],"collection":[{"href":"https:\/\/wilke-gitarrenlabor.de\/index.php?rest_route=\/wp\/v2\/pages"}],"about":[{"href":"https:\/\/wilke-gitarrenlabor.de\/index.php?rest_route=\/wp\/v2\/types\/page"}],"author":[{"embeddable":true,"href":"https:\/\/wilke-gitarrenlabor.de\/index.php?rest_route=\/wp\/v2\/users\/1"}],"replies":[{"embeddable":true,"href":"https:\/\/wilke-gitarrenlabor.de\/index.php?rest_route=%2Fwp%2Fv2%2Fcomments&post=653"}],"version-history":[{"count":5,"href":"https:\/\/wilke-gitarrenlabor.de\/index.php?rest_route=\/wp\/v2\/pages\/653\/revisions"}],"predecessor-version":[{"id":985,"href":"https:\/\/wilke-gitarrenlabor.de\/index.php?rest_route=\/wp\/v2\/pages\/653\/revisions\/985"}],"wp:attachment":[{"href":"https:\/\/wilke-gitarrenlabor.de\/index.php?rest_route=%2Fwp%2Fv2%2Fmedia&parent=653"}],"curies":[{"name":"wp","href":"https:\/\/api.w.org\/{rel}","templated":true}]}}