{"id":61,"date":"2021-03-15T14:35:23","date_gmt":"2021-03-15T14:35:23","guid":{"rendered":"https:\/\/wilke-gitarrenlabor.de\/?page_id=61"},"modified":"2024-11-15T20:53:46","modified_gmt":"2024-11-15T20:53:46","slug":"prototyp-1","status":"publish","type":"page","link":"https:\/\/wilke-gitarrenlabor.de\/?page_id=61","title":{"rendered":"Prototyp 1 KG Modell 1"},"content":{"rendered":"\n<p>Diese Referenzgitarre ist der erste von mir gebaute Gitarrentyp. Sie diente mir vor allem dazu, viele T\u00e4tigkeiten rund um den Bau kompletter Gitarren auszuf\u00fchren und besteht deshalb aus relativ preiswerten H\u00f6lzern, allerdings alle massiv.<\/p>\n\n\n\n<figure class=\"wp-block-image size-full is-resized\"><img loading=\"lazy\" decoding=\"async\" width=\"473\" height=\"1255\" src=\"https:\/\/wilke-gitarrenlabor.de\/wp-content\/uploads\/2023\/11\/Modell-1-fuer-die-Website.jpg\" alt=\"\" class=\"wp-image-694\" style=\"width:331px;height:auto\" srcset=\"https:\/\/wilke-gitarrenlabor.de\/wp-content\/uploads\/2023\/11\/Modell-1-fuer-die-Website.jpg 473w, https:\/\/wilke-gitarrenlabor.de\/wp-content\/uploads\/2023\/11\/Modell-1-fuer-die-Website-300x796.jpg 300w, https:\/\/wilke-gitarrenlabor.de\/wp-content\/uploads\/2023\/11\/Modell-1-fuer-die-Website-57x150.jpg 57w\" sizes=\"auto, (max-width: 473px) 100vw, 473px\" \/><\/figure>\n\n\n\n<p><\/p>\n\n\n\n<p>Details zu dieser Gitarre gibt es in dem folgenden Akkordeon:<\/p>\n\n\n<div id=\"accordions-67\" class=\"accordions-67 accordions\" data-accordions={&quot;lazyLoad&quot;:true,&quot;id&quot;:&quot;67&quot;,&quot;event&quot;:&quot;click&quot;,&quot;collapsible&quot;:&quot;true&quot;,&quot;heightStyle&quot;:&quot;content&quot;,&quot;animateStyle&quot;:&quot;swing&quot;,&quot;animateDelay&quot;:1000,&quot;navigation&quot;:true,&quot;active&quot;:999,&quot;expandedOther&quot;:&quot;no&quot;}>\r\n                <div id=\"accordions-lazy-67\" class=\"accordions-lazy\" accordionsId=\"67\">\r\n                    <\/div>\r\n\r\n    <div class=\"items\"  style=\"display:none\" >\r\n    \r\n            <div post_id=\"67\" itemcount=\"0\"  header_id=\"header-1615830820961\" id=\"header-1615830820961\" style=\"\" class=\"accordions-head head1615830820961 border-none\" toggle-text=\"\" main-text=\"Korpus und Bauweise\">\r\n                                    <span id=\"accordion-icons-1615830820961\" class=\"accordion-icons\">\r\n                        <span class=\"accordion-icon-active accordion-plus\"><i class=\"fas fa-chevron-up\"><\/i><\/span>\r\n                        <span class=\"accordion-icon-inactive accordion-minus\"><i class=\"fas fa-chevron-right\"><\/i><\/span>\r\n                    <\/span>\r\n                    <span id=\"header-text-1615830820961\" class=\"accordions-head-title\">Korpus und Bauweise<\/span>\r\n                            <\/div>\r\n            <div class=\"accordion-content content1615830820961 \">\r\n                <p>Der Korpus wurde in der spanischen Bauweise hergestellt. Es wurden also der weitgehend fertige Hals zun\u00e4chst mit der weitgehend fertigen Decke, auf einer Holzplatte ausgerichtet und fixiert, miteinander verleimt. Dann wurden die Zargen in die Schlitze des Halsfu\u00dfes eingef\u00fchrt und verleimt. Direkt anschlie\u00dfend wurden die restliche Decke und der Endklotz mit den beiden Zargenh\u00e4lften verleimt.<\/p>\n<p><img loading=\"lazy\" decoding=\"async\" width=\"619\" height=\"403\" class=\"alignnone wp-image-78 \" src=\"https:\/\/wilke-gitarrenlabor.de\/wp-content\/uploads\/2021\/03\/Korpus-klein-e1615831823843.jpg\" alt=\"\" srcset=\"https:\/\/wilke-gitarrenlabor.de\/wp-content\/uploads\/2021\/03\/Korpus-klein-e1615831823843.jpg 619w, https:\/\/wilke-gitarrenlabor.de\/wp-content\/uploads\/2021\/03\/Korpus-klein-e1615831823843-300x195.jpg 300w, https:\/\/wilke-gitarrenlabor.de\/wp-content\/uploads\/2021\/03\/Korpus-klein-e1615831823843-150x98.jpg 150w\" sizes=\"auto, (max-width: 619px) 100vw, 619px\" \/><\/p>\n<p><img loading=\"lazy\" decoding=\"async\" width=\"611\" height=\"408\" class=\"alignnone wp-image-72\" src=\"https:\/\/wilke-gitarrenlabor.de\/wp-content\/uploads\/2021\/03\/Halsfuss-klein.jpg\" alt=\"\" srcset=\"https:\/\/wilke-gitarrenlabor.de\/wp-content\/uploads\/2021\/03\/Halsfuss-klein.jpg 611w, https:\/\/wilke-gitarrenlabor.de\/wp-content\/uploads\/2021\/03\/Halsfuss-klein-300x200.jpg 300w, https:\/\/wilke-gitarrenlabor.de\/wp-content\/uploads\/2021\/03\/Halsfuss-klein-150x100.jpg 150w\" sizes=\"auto, (max-width: 611px) 100vw, 611px\" \/><\/p>\n            <\/div>\r\n    \r\n            <div post_id=\"67\" itemcount=\"1\"  header_id=\"header-1615820119578\" id=\"header-1615820119578\" style=\"\" class=\"accordions-head head1615820119578 border-none\" toggle-text=\"\" main-text=\"Gitarrendecke und Beleistung\">\r\n                                    <span id=\"accordion-icons-1615820119578\" class=\"accordion-icons\">\r\n                        <span class=\"accordion-icon-active accordion-plus\"><i class=\"fas fa-chevron-up\"><\/i><\/span>\r\n                        <span class=\"accordion-icon-inactive accordion-minus\"><i class=\"fas fa-chevron-right\"><\/i><\/span>\r\n                    <\/span>\r\n                    <span id=\"header-text-1615820119578\" class=\"accordions-head-title\">Gitarrendecke und Beleistung<\/span>\r\n                            <\/div>\r\n            <div class=\"accordion-content content1615820119578 \">\r\n                <p>Die Gitarrendecke besteht aus massiver Fichte in einfacher A Qualit\u00e4t. Sieben d\u00fcnne B\u00e4lkchen bilden die F\u00e4cher-Beleistung, von denen in diesem Fall die mittleren drei eine Unterpolsterung f\u00fcr den Steg \u00fcberbr\u00fccken:<\/p>\n<p><img loading=\"lazy\" decoding=\"async\" width=\"604\" height=\"413\" class=\"alignnone size-full wp-image-53\" src=\"https:\/\/wilke-gitarrenlabor.de\/wp-content\/uploads\/2021\/03\/Decke-fertig-ohne-Schalloch-klein.jpg\" alt=\"\" srcset=\"https:\/\/wilke-gitarrenlabor.de\/wp-content\/uploads\/2021\/03\/Decke-fertig-ohne-Schalloch-klein.jpg 604w, https:\/\/wilke-gitarrenlabor.de\/wp-content\/uploads\/2021\/03\/Decke-fertig-ohne-Schalloch-klein-300x205.jpg 300w, https:\/\/wilke-gitarrenlabor.de\/wp-content\/uploads\/2021\/03\/Decke-fertig-ohne-Schalloch-klein-150x103.jpg 150w\" sizes=\"auto, (max-width: 604px) 100vw, 604px\" \/><\/p>\n<p><img loading=\"lazy\" decoding=\"async\" width=\"734\" height=\"340\" class=\"alignnone wp-image-74\" src=\"https:\/\/wilke-gitarrenlabor.de\/wp-content\/uploads\/2021\/03\/Faecher-klein.jpg\" alt=\"\" srcset=\"https:\/\/wilke-gitarrenlabor.de\/wp-content\/uploads\/2021\/03\/Faecher-klein.jpg 734w, https:\/\/wilke-gitarrenlabor.de\/wp-content\/uploads\/2021\/03\/Faecher-klein-300x139.jpg 300w, https:\/\/wilke-gitarrenlabor.de\/wp-content\/uploads\/2021\/03\/Faecher-klein-150x69.jpg 150w\" sizes=\"auto, (max-width: 734px) 100vw, 734px\" \/><\/p>\n            <\/div>\r\n    \r\n            <div post_id=\"67\" itemcount=\"2\"  header_id=\"header-1615823122312\" id=\"header-1615823122312\" style=\"\" class=\"accordions-head head1615823122312 border-none\" toggle-text=\"\" main-text=\"Boden und Zargen\">\r\n                                    <span id=\"accordion-icons-1615823122312\" class=\"accordion-icons\">\r\n                        <span class=\"accordion-icon-active accordion-plus\"><i class=\"fas fa-chevron-up\"><\/i><\/span>\r\n                        <span class=\"accordion-icon-inactive accordion-minus\"><i class=\"fas fa-chevron-right\"><\/i><\/span>\r\n                    <\/span>\r\n                    <span id=\"header-text-1615823122312\" class=\"accordions-head-title\">Boden und Zargen<\/span>\r\n                            <\/div>\r\n            <div class=\"accordion-content content1615823122312 \">\r\n                <p>Der Boden und die Zargen bestehen aus massivem Mahagoni. Der Boden ist aus zwei spiegelbildlichen H\u00e4lften zusammengesetzt und hat einen gew\u00f6lbten Fugenstreifen aus Fichtenholz aufgeleimt bekommen, der durch vier stabilere Statikbalken unterbrochen wird.<\/p>\n<p><img loading=\"lazy\" decoding=\"async\" width=\"317\" height=\"248\" class=\"alignnone wp-image-81 \" src=\"https:\/\/wilke-gitarrenlabor.de\/wp-content\/uploads\/2021\/03\/Boden-klein-e1615829310746.png\" alt=\"\" srcset=\"https:\/\/wilke-gitarrenlabor.de\/wp-content\/uploads\/2021\/03\/Boden-klein-e1615829310746.png 317w, https:\/\/wilke-gitarrenlabor.de\/wp-content\/uploads\/2021\/03\/Boden-klein-e1615829310746-300x235.png 300w, https:\/\/wilke-gitarrenlabor.de\/wp-content\/uploads\/2021\/03\/Boden-klein-e1615829310746-150x117.png 150w\" sizes=\"auto, (max-width: 317px) 100vw, 317px\" \/><\/p>\n<p>Die Zargen wurden wurden in der Dampf-Kiste feucht erhitzt und auf der Form gebogen. Nach dem Trocknen wurden sie auf die Decke geleimt, es wurden St\u00fctzkonsolen auf die Enden der Decken-Statikbalken und an die Zargen geleimt und Reifchen in den Winkel zwischen Decke und Zarge geleimt. An den anderen Rand der Zargen wurden Reifchen geleimt, leicht gew\u00f6lbt eingeschliffen mit Aussparungen f\u00fcr die Statik Balken des Bodens versehen, so das der leicht gew\u00f6lbte Boden aufgeleimt werden konnte.<\/p>\n<p><img loading=\"lazy\" decoding=\"async\" width=\"666\" height=\"375\" class=\"alignnone wp-image-73\" src=\"https:\/\/wilke-gitarrenlabor.de\/wp-content\/uploads\/2021\/03\/Zarge-klein.jpg\" alt=\"\" srcset=\"https:\/\/wilke-gitarrenlabor.de\/wp-content\/uploads\/2021\/03\/Zarge-klein.jpg 666w, https:\/\/wilke-gitarrenlabor.de\/wp-content\/uploads\/2021\/03\/Zarge-klein-300x169.jpg 300w, https:\/\/wilke-gitarrenlabor.de\/wp-content\/uploads\/2021\/03\/Zarge-klein-150x84.jpg 150w\" sizes=\"auto, (max-width: 666px) 100vw, 666px\" \/><\/p>\n            <\/div>\r\n    \r\n            <div post_id=\"67\" itemcount=\"3\"  header_id=\"header-1615828119772\" id=\"header-1615828119772\" style=\"\" class=\"accordions-head head1615828119772 border-none\" toggle-text=\"\" main-text=\"Randeinlagen und Schalllochrosette\">\r\n                                    <span id=\"accordion-icons-1615828119772\" class=\"accordion-icons\">\r\n                        <span class=\"accordion-icon-active accordion-plus\"><i class=\"fas fa-chevron-up\"><\/i><\/span>\r\n                        <span class=\"accordion-icon-inactive accordion-minus\"><i class=\"fas fa-chevron-right\"><\/i><\/span>\r\n                    <\/span>\r\n                    <span id=\"header-text-1615828119772\" class=\"accordions-head-title\">Randeinlagen und Schalllochrosette<\/span>\r\n                            <\/div>\r\n            <div class=\"accordion-content content1615828119772 \">\r\n                <p>Als Randeinlagen habe ich bei diesem Prototyp einen schwarz-wei\u00df-schwarz eingef\u00e4rbten Zierspan aus Ahorn und einen ABS-Kunststoff als Kantensto\u00dfschutz gew\u00e4hlt.<\/p>\n<p>Die Holzmosaik-Rosette f\u00fcr das Schallloch habe ich als Fertigteil gekauft und in die von mir mit der Oberfr\u00e4se in die Decke gefr\u00e4ste Rinne eingeleimt.<\/p>\n<p><img loading=\"lazy\" decoding=\"async\" width=\"680\" height=\"367\" class=\"alignnone size-full wp-image-77\" src=\"https:\/\/wilke-gitarrenlabor.de\/wp-content\/uploads\/2021\/03\/Randeinlagen-klein-1.jpg\" alt=\"\" srcset=\"https:\/\/wilke-gitarrenlabor.de\/wp-content\/uploads\/2021\/03\/Randeinlagen-klein-1.jpg 680w, https:\/\/wilke-gitarrenlabor.de\/wp-content\/uploads\/2021\/03\/Randeinlagen-klein-1-300x162.jpg 300w, https:\/\/wilke-gitarrenlabor.de\/wp-content\/uploads\/2021\/03\/Randeinlagen-klein-1-150x81.jpg 150w\" sizes=\"auto, (max-width: 680px) 100vw, 680px\" \/><\/p>\n            <\/div>\r\n    \r\n            <div post_id=\"67\" itemcount=\"4\"  header_id=\"header-1615830376055\" id=\"header-1615830376055\" style=\"\" class=\"accordions-head head1615830376055 border-none\" toggle-text=\"\" main-text=\"Hals und Kopfplatte\">\r\n                                    <span id=\"accordion-icons-1615830376055\" class=\"accordion-icons\">\r\n                        <span class=\"accordion-icon-active accordion-plus\"><i class=\"fas fa-chevron-up\"><\/i><\/span>\r\n                        <span class=\"accordion-icon-inactive accordion-minus\"><i class=\"fas fa-chevron-right\"><\/i><\/span>\r\n                    <\/span>\r\n                    <span id=\"header-text-1615830376055\" class=\"accordions-head-title\">Hals und Kopfplatte<\/span>\r\n                            <\/div>\r\n            <div class=\"accordion-content content1615830376055 \">\r\n                <p>Als Hals habe ich f\u00fcr diesen Prototyp ein Halb-Fertigprodukt aus Cedro gekauft, das die grobe Form und die Schlitze f\u00fcr die Zargen bereits mitgebracht hat. Auch die Kopfplatte aus Palisander war bereits aufgeleimt. Es war die Kopfplatte auszuformen und es waren alle Oberfl\u00e4chen glatt zu feilen und zu schleifen.<\/p>\n<p><img loading=\"lazy\" decoding=\"async\" width=\"534\" height=\"467\" class=\"alignnone wp-image-82\" src=\"https:\/\/wilke-gitarrenlabor.de\/wp-content\/uploads\/2021\/03\/Halskopf-klein.jpg\" alt=\"\" srcset=\"https:\/\/wilke-gitarrenlabor.de\/wp-content\/uploads\/2021\/03\/Halskopf-klein.jpg 534w, https:\/\/wilke-gitarrenlabor.de\/wp-content\/uploads\/2021\/03\/Halskopf-klein-300x262.jpg 300w, https:\/\/wilke-gitarrenlabor.de\/wp-content\/uploads\/2021\/03\/Halskopf-klein-150x131.jpg 150w\" sizes=\"auto, (max-width: 534px) 100vw, 534px\" \/><\/p>\n<p>So sieht das Ergebnis nach dem Auftragen von Schellack aus:<\/p>\n<p><img loading=\"lazy\" decoding=\"async\" width=\"322\" height=\"598\" class=\"alignnone wp-image-80 \" src=\"https:\/\/wilke-gitarrenlabor.de\/wp-content\/uploads\/2021\/03\/Kopfplatte-klein-e1615830698284.jpg\" alt=\"\" srcset=\"https:\/\/wilke-gitarrenlabor.de\/wp-content\/uploads\/2021\/03\/Kopfplatte-klein-e1615830698284.jpg 322w, https:\/\/wilke-gitarrenlabor.de\/wp-content\/uploads\/2021\/03\/Kopfplatte-klein-e1615830698284-300x557.jpg 300w, https:\/\/wilke-gitarrenlabor.de\/wp-content\/uploads\/2021\/03\/Kopfplatte-klein-e1615830698284-81x150.jpg 81w\" sizes=\"auto, (max-width: 322px) 100vw, 322px\" \/><\/p>\n            <\/div>\r\n    \r\n            <div post_id=\"67\" itemcount=\"5\"  header_id=\"header-1616172524618\" id=\"header-1616172524618\" style=\"\" class=\"accordions-head head1616172524618 border-none\" toggle-text=\"\" main-text=\"Steg, Stegeinlage und Sattel\">\r\n                                    <span id=\"accordion-icons-1616172524618\" class=\"accordion-icons\">\r\n                        <span class=\"accordion-icon-active accordion-plus\"><i class=\"fas fa-chevron-up\"><\/i><\/span>\r\n                        <span class=\"accordion-icon-inactive accordion-minus\"><i class=\"fas fa-chevron-right\"><\/i><\/span>\r\n                    <\/span>\r\n                    <span id=\"header-text-1616172524618\" class=\"accordions-head-title\">Steg, Stegeinlage und Sattel<\/span>\r\n                            <\/div>\r\n            <div class=\"accordion-content content1616172524618 \">\r\n                <p>Der Steg ist ein zugekauftes Bauteil aus Palisander, mit einer Umrandung der Kn\u00fcpfblockoberseite aus Knochen.<\/p>\n<p><img loading=\"lazy\" decoding=\"async\" width=\"1063\" height=\"235\" class=\"alignnone size-full wp-image-217\" src=\"https:\/\/wilke-gitarrenlabor.de\/wp-content\/uploads\/2021\/03\/Typ1-Steg-klein-2.jpg\" alt=\"\" srcset=\"https:\/\/wilke-gitarrenlabor.de\/wp-content\/uploads\/2021\/03\/Typ1-Steg-klein-2.jpg 1063w, https:\/\/wilke-gitarrenlabor.de\/wp-content\/uploads\/2021\/03\/Typ1-Steg-klein-2-300x66.jpg 300w, https:\/\/wilke-gitarrenlabor.de\/wp-content\/uploads\/2021\/03\/Typ1-Steg-klein-2-150x33.jpg 150w, https:\/\/wilke-gitarrenlabor.de\/wp-content\/uploads\/2021\/03\/Typ1-Steg-klein-2-768x170.jpg 768w\" sizes=\"auto, (max-width: 1063px) 100vw, 1063px\" \/><\/p>\n<p>Der Steg hat sechs Bohrungen f\u00fcr die Standard Saitenkn\u00fcpfweise. Der Schlitz f\u00fcr die Stegeinlage steht ein wenig schr\u00e4g, so dass die faktische Saitenl\u00e4nge f\u00fcr die Diskantsaiten etwas k\u00fcrzer ist, als die der Basssaiten.<\/p>\n<p>Die Stegeinlage habe ich aus einem Knochenrohling hergestellt. Es waren keine Kompensationen f\u00fcr die Saitenauflagepunkte notwendig, um eine sehr gute Intonation zu erreichen.<\/p>\n<p>Den Sattel habe ich ebenfalls aus einem Knochenrohling zurecht ges\u00e4gt, gefeilt und auf Hochglanz geschliffen.<\/p>\n<p><img loading=\"lazy\" decoding=\"async\" width=\"655\" height=\"381\" class=\"alignnone wp-image-216\" src=\"https:\/\/wilke-gitarrenlabor.de\/wp-content\/uploads\/2021\/03\/Typ1-Sattel-klein.jpg\" alt=\"\" srcset=\"https:\/\/wilke-gitarrenlabor.de\/wp-content\/uploads\/2021\/03\/Typ1-Sattel-klein.jpg 655w, https:\/\/wilke-gitarrenlabor.de\/wp-content\/uploads\/2021\/03\/Typ1-Sattel-klein-300x175.jpg 300w, https:\/\/wilke-gitarrenlabor.de\/wp-content\/uploads\/2021\/03\/Typ1-Sattel-klein-150x87.jpg 150w\" sizes=\"auto, (max-width: 655px) 100vw, 655px\" \/><\/p>\n            <\/div>\r\n    \r\n            <div post_id=\"67\" itemcount=\"6\"  header_id=\"header-1616173001655\" id=\"header-1616173001655\" style=\"\" class=\"accordions-head head1616173001655 border-none\" toggle-text=\"\" main-text=\"Mechaniken und Besaitung\">\r\n                                    <span id=\"accordion-icons-1616173001655\" class=\"accordion-icons\">\r\n                        <span class=\"accordion-icon-active accordion-plus\"><i class=\"fas fa-chevron-up\"><\/i><\/span>\r\n                        <span class=\"accordion-icon-inactive accordion-minus\"><i class=\"fas fa-chevron-right\"><\/i><\/span>\r\n                    <\/span>\r\n                    <span id=\"header-text-1616173001655\" class=\"accordions-head-title\">Mechaniken und Besaitung<\/span>\r\n                            <\/div>\r\n            <div class=\"accordion-content content1616173001655 \">\r\n                <p>Als Stimm-Mechaniken habe ich hier die Rubner 150-100 Standard Mechaniken f\u00fcr Fensterkopfplatten eingebaut, ohne Gravuren in den Messingflanschen, was zu meinen Designvorstellungen passt, eher schlichte, moderne Gitarren zu bauen, ohne allzu viel Zierrat.<\/p>\n<p><img loading=\"lazy\" decoding=\"async\" width=\"366\" height=\"682\" class=\"alignnone wp-image-219\" src=\"https:\/\/wilke-gitarrenlabor.de\/wp-content\/uploads\/2021\/03\/Typ1-Mechaniken2-klein.jpg\" alt=\"\" srcset=\"https:\/\/wilke-gitarrenlabor.de\/wp-content\/uploads\/2021\/03\/Typ1-Mechaniken2-klein.jpg 366w, https:\/\/wilke-gitarrenlabor.de\/wp-content\/uploads\/2021\/03\/Typ1-Mechaniken2-klein-300x559.jpg 300w, https:\/\/wilke-gitarrenlabor.de\/wp-content\/uploads\/2021\/03\/Typ1-Mechaniken2-klein-80x150.jpg 80w\" sizes=\"auto, (max-width: 366px) 100vw, 366px\" \/><\/p>\n<p>Zur Besaitung habe ich hier einen Satz Savarez 510AR Alliance Cantiga Strings verwendet.<\/p>\n            <\/div>\r\n    \r\n            <div post_id=\"67\" itemcount=\"7\"  header_id=\"header-1615833889853\" id=\"header-1615833889853\" style=\"\" class=\"accordions-head head1615833889853 border-none\" toggle-text=\"\" main-text=\"Oberfl\u00e4chen\">\r\n                                    <span id=\"accordion-icons-1615833889853\" class=\"accordion-icons\">\r\n                        <span class=\"accordion-icon-active accordion-plus\"><i class=\"fas fa-chevron-up\"><\/i><\/span>\r\n                        <span class=\"accordion-icon-inactive accordion-minus\"><i class=\"fas fa-chevron-right\"><\/i><\/span>\r\n                    <\/span>\r\n                    <span id=\"header-text-1615833889853\" class=\"accordions-head-title\">Oberfl\u00e4chen<\/span>\r\n                            <\/div>\r\n            <div class=\"accordion-content content1615833889853 \">\r\n                <p>Alle \u00e4u\u00dferen Oberfl\u00e4chen wurden mit Schellack lackiert. Alle innen liegenden Oberfl\u00e4chen wurden fein geschliffen und sind unbehandelt.<\/p>\n            <\/div>\r\n    \r\n            <div post_id=\"67\" itemcount=\"8\"  header_id=\"header-1615834451467\" id=\"header-1615834451467\" style=\"\" class=\"accordions-head head1615834451467 border-none\" toggle-text=\"\" main-text=\"Besonderheiten\">\r\n                                    <span id=\"accordion-icons-1615834451467\" class=\"accordion-icons\">\r\n                        <span class=\"accordion-icon-active accordion-plus\"><i class=\"fas fa-chevron-up\"><\/i><\/span>\r\n                        <span class=\"accordion-icon-inactive accordion-minus\"><i class=\"fas fa-chevron-right\"><\/i><\/span>\r\n                    <\/span>\r\n                    <span id=\"header-text-1615834451467\" class=\"accordions-head-title\">Besonderheiten<\/span>\r\n                            <\/div>\r\n            <div class=\"accordion-content content1615834451467 \">\r\n                <p>Diese Gitarre ist vorbereitet f\u00fcr das Caposystem 1 (Patentanmeldung beim DPMA unter 102022000922.6, Offenlegung am 21.9.2023) und tr\u00e4gt im Bild eine Capovariante aus Messing und Filz. Dieser Capo wird durch kleine Bohrungen im Griffbrett in unter dem Griffbrett eingelassene <strong>Muttern<\/strong> fixiert.<\/p>\n<p>Der Vorteil dieser Konstruktion liegt darin, dass die Handstellungen der Greifhand fast nicht durch den Capo gest\u00f6rt werden und man \"wie immer\" spielen kann. Ein weiterer Vorteil liegt darin, dass die Saitenspannung durch das Caposystem kaum ver\u00e4ndert wird und ein Nachstimmen kaum n\u00f6tig ist.<\/p>\n<p><img loading=\"lazy\" decoding=\"async\" class=\"alignnone wp-image-698\" src=\"https:\/\/wilke-gitarrenlabor.de\/wp-content\/uploads\/2023\/11\/Capo-1-e1699449291156.jpg\" alt=\"\" width=\"279\" height=\"287\" srcset=\"https:\/\/wilke-gitarrenlabor.de\/wp-content\/uploads\/2023\/11\/Capo-1-e1699449291156.jpg 594w, https:\/\/wilke-gitarrenlabor.de\/wp-content\/uploads\/2023\/11\/Capo-1-e1699449291156-300x309.jpg 300w\" sizes=\"auto, (max-width: 279px) 100vw, 279px\" \/> <img loading=\"lazy\" decoding=\"async\" class=\"alignnone wp-image-697\" src=\"https:\/\/wilke-gitarrenlabor.de\/wp-content\/uploads\/2023\/11\/Capo-1-Seite-2.jpg\" alt=\"\" width=\"296\" height=\"287\" srcset=\"https:\/\/wilke-gitarrenlabor.de\/wp-content\/uploads\/2023\/11\/Capo-1-Seite-2.jpg 1155w, https:\/\/wilke-gitarrenlabor.de\/wp-content\/uploads\/2023\/11\/Capo-1-Seite-2-300x291.jpg 300w, https:\/\/wilke-gitarrenlabor.de\/wp-content\/uploads\/2023\/11\/Capo-1-Seite-2-150x146.jpg 150w, https:\/\/wilke-gitarrenlabor.de\/wp-content\/uploads\/2023\/11\/Capo-1-Seite-2-768x745.jpg 768w\" sizes=\"auto, (max-width: 296px) 100vw, 296px\" \/><\/p>\n            <\/div>\r\n    \r\n            <div post_id=\"67\" itemcount=\"9\"  header_id=\"header-1615834143785\" id=\"header-1615834143785\" style=\"\" class=\"accordions-head head1615834143785 border-none\" toggle-text=\"\" main-text=\"Preis\">\r\n                                    <span id=\"accordion-icons-1615834143785\" class=\"accordion-icons\">\r\n                        <span class=\"accordion-icon-active accordion-plus\"><i class=\"fas fa-chevron-up\"><\/i><\/span>\r\n                        <span class=\"accordion-icon-inactive accordion-minus\"><i class=\"fas fa-chevron-right\"><\/i><\/span>\r\n                    <\/span>\r\n                    <span id=\"header-text-1615834143785\" class=\"accordions-head-title\">Preis<\/span>\r\n                            <\/div>\r\n            <div class=\"accordion-content content1615834143785 \">\r\n                <p>Varianten der Klassikgitarre Modell 1 kosten je nach individueller Konfiguration ab 4000 Euro.<\/p>\n<p>In Ratenzahlung: Ab 500 Euro bei Bestellung und mit monatlichen Zahlungen, ab der Auslieferung, nach individueller Vereinbarung: ab 20 Euro\/Monat.<\/p>\n            <\/div>\r\n    \r\n            <div post_id=\"67\" itemcount=\"10\"  header_id=\"header-1615834387966\" id=\"header-1615834387966\" style=\"\" class=\"accordions-head head1615834387966 border-none\" toggle-text=\"\" main-text=\"Besitzer\">\r\n                                    <span id=\"accordion-icons-1615834387966\" class=\"accordion-icons\">\r\n                        <span class=\"accordion-icon-active accordion-plus\"><i class=\"fas fa-chevron-up\"><\/i><\/span>\r\n                        <span class=\"accordion-icon-inactive accordion-minus\"><i class=\"fas fa-chevron-right\"><\/i><\/span>\r\n                    <\/span>\r\n                    <span id=\"header-text-1615834387966\" class=\"accordions-head-title\">Besitzer<\/span>\r\n                            <\/div>\r\n            <div class=\"accordion-content content1615834387966 \">\r\n                <p>J\u00fcrgen Wilke, Wilke Gitarrenlabor UG (haftungsbeschr\u00e4nkt)<\/p>\n            <\/div>\r\n    <\/div>\r\n\r\n\r\n\r\n            <\/div>\n\n\n\n<p><\/p>\n","protected":false},"excerpt":{"rendered":"<p>Diese Referenzgitarre ist der erste von mir gebaute Gitarrentyp. Sie diente mir vor allem dazu, viele T\u00e4tigkeiten rund um den Bau kompletter Gitarren auszuf\u00fchren und besteht deshalb aus relativ preiswerten H\u00f6lzern, allerdings alle massiv. Details zu dieser Gitarre gibt es in dem folgenden Akkordeon:<\/p>\n","protected":false},"author":1,"featured_media":0,"parent":0,"menu_order":0,"comment_status":"closed","ping_status":"closed","template":"","meta":{"footnotes":""},"class_list":["post-61","page","type-page","status-publish","hentry"],"_links":{"self":[{"href":"https:\/\/wilke-gitarrenlabor.de\/index.php?rest_route=\/wp\/v2\/pages\/61","targetHints":{"allow":["GET"]}}],"collection":[{"href":"https:\/\/wilke-gitarrenlabor.de\/index.php?rest_route=\/wp\/v2\/pages"}],"about":[{"href":"https:\/\/wilke-gitarrenlabor.de\/index.php?rest_route=\/wp\/v2\/types\/page"}],"author":[{"embeddable":true,"href":"https:\/\/wilke-gitarrenlabor.de\/index.php?rest_route=\/wp\/v2\/users\/1"}],"replies":[{"embeddable":true,"href":"https:\/\/wilke-gitarrenlabor.de\/index.php?rest_route=%2Fwp%2Fv2%2Fcomments&post=61"}],"version-history":[{"count":16,"href":"https:\/\/wilke-gitarrenlabor.de\/index.php?rest_route=\/wp\/v2\/pages\/61\/revisions"}],"predecessor-version":[{"id":920,"href":"https:\/\/wilke-gitarrenlabor.de\/index.php?rest_route=\/wp\/v2\/pages\/61\/revisions\/920"}],"wp:attachment":[{"href":"https:\/\/wilke-gitarrenlabor.de\/index.php?rest_route=%2Fwp%2Fv2%2Fmedia&parent=61"}],"curies":[{"name":"wp","href":"https:\/\/api.w.org\/{rel}","templated":true}]}}