{"id":545,"date":"2022-07-29T14:51:10","date_gmt":"2022-07-29T14:51:10","guid":{"rendered":"https:\/\/wilke-gitarrenlabor.de\/?page_id=545"},"modified":"2025-03-03T18:54:31","modified_gmt":"2025-03-03T18:54:31","slug":"ukulelen","status":"publish","type":"page","link":"https:\/\/wilke-gitarrenlabor.de\/?page_id=545","title":{"rendered":"Ukulelen"},"content":{"rendered":"\n<p>Ukulelen haben sich schon vor langer Zeit auf Hawai als &#8222;ernst zu nehmende&#8220; Zupfinstrumente etabliert. Oft werden sie dort aus Koa Holz gebaut, einer nur auf Hawai heimischen <a href=\"https:\/\/de.wikipedia.org\/wiki\/Koa-Akazie\" data-type=\"URL\" data-id=\"https:\/\/de.wikipedia.org\/wiki\/Koa-Akazie\" target=\"_blank\" rel=\"noreferrer noopener\">Akazienart<\/a>. <\/p>\n\n\n\n<p>Seit einigen Jahren finden Ukulelen auch in Deutschland zunehmend Freunde und werden mit wachsender Qualit\u00e4t und guten klanglichen Eigenschaften angeboten, h\u00e4ufig auch Varianten mit <a href=\"https:\/\/www.thomann.de\/de\/onlineexpert_page_ukulele_mensur_und_groesse.html\" data-type=\"URL\" data-id=\"https:\/\/www.thomann.de\/de\/onlineexpert_page_ukulele_mensur_und_groesse.html\" target=\"_blank\" rel=\"noreferrer noopener\">gr\u00f6\u00dferen K\u00f6rpern<\/a>, wie Concert-Ukulelen und Tenor-Ukulelen. Da meine Finger (wie die vieler anderer Menschen) f\u00fcr die kleine, verbreitete Sopran-Ukulele zu klobig sind, um gut zwischen die Bundst\u00e4bchen zu passen, habe ich mich f\u00fcr den Bau von Tenor-Ukulelen entschieden, allerdings mit individuellen Wunsch-Ma\u00dfen!<\/p>\n\n\n\n<p>Hier ist die Liste der bisher von mir gebauten Ukulelen:<\/p>\n\n\n\n<ul class=\"wp-block-list\">\n<li><a href=\"https:\/\/wilke-gitarrenlabor.de\/?page_id=548\" data-type=\"link\" data-id=\"https:\/\/wilke-gitarrenlabor.de\/?page_id=548\">Tenor-Ukulele Typ 1, Prototyp TU1<\/a><\/li>\n\n\n\n<li><a href=\"https:\/\/wilke-gitarrenlabor.de\/?page_id=551\" data-type=\"link\" data-id=\"https:\/\/wilke-gitarrenlabor.de\/?page_id=551\">Tenor-Ukulele Typ 1, Seriennummer TU1.1<\/a><\/li>\n\n\n\n<li><a href=\"https:\/\/wilke-gitarrenlabor.de\/?page_id=554\" data-type=\"link\" data-id=\"https:\/\/wilke-gitarrenlabor.de\/?page_id=554\">Tenor-Ukulele Typ 1, Seriennummer TU1.2<\/a><\/li>\n<\/ul>\n","protected":false},"excerpt":{"rendered":"<p>Ukulelen haben sich schon vor langer Zeit auf Hawai als &#8222;ernst zu nehmende&#8220; Zupfinstrumente etabliert. Oft werden sie dort aus Koa Holz gebaut, einer nur auf Hawai heimischen Akazienart. Seit einigen Jahren finden Ukulelen auch in Deutschland zunehmend Freunde und werden mit wachsender Qualit\u00e4t und guten klanglichen Eigenschaften angeboten, h\u00e4ufig auch Varianten mit gr\u00f6\u00dferen K\u00f6rpern, &hellip; <a href=\"https:\/\/wilke-gitarrenlabor.de\/?page_id=545\" class=\"more-link\"><span class=\"screen-reader-text\">Ukulelen<\/span> weiterlesen <span class=\"meta-nav\">&rarr;<\/span><\/a><\/p>\n","protected":false},"author":1,"featured_media":0,"parent":0,"menu_order":0,"comment_status":"closed","ping_status":"closed","template":"","meta":{"footnotes":""},"class_list":["post-545","page","type-page","status-publish","hentry"],"_links":{"self":[{"href":"https:\/\/wilke-gitarrenlabor.de\/index.php?rest_route=\/wp\/v2\/pages\/545","targetHints":{"allow":["GET"]}}],"collection":[{"href":"https:\/\/wilke-gitarrenlabor.de\/index.php?rest_route=\/wp\/v2\/pages"}],"about":[{"href":"https:\/\/wilke-gitarrenlabor.de\/index.php?rest_route=\/wp\/v2\/types\/page"}],"author":[{"embeddable":true,"href":"https:\/\/wilke-gitarrenlabor.de\/index.php?rest_route=\/wp\/v2\/users\/1"}],"replies":[{"embeddable":true,"href":"https:\/\/wilke-gitarrenlabor.de\/index.php?rest_route=%2Fwp%2Fv2%2Fcomments&post=545"}],"version-history":[{"count":5,"href":"https:\/\/wilke-gitarrenlabor.de\/index.php?rest_route=\/wp\/v2\/pages\/545\/revisions"}],"predecessor-version":[{"id":982,"href":"https:\/\/wilke-gitarrenlabor.de\/index.php?rest_route=\/wp\/v2\/pages\/545\/revisions\/982"}],"wp:attachment":[{"href":"https:\/\/wilke-gitarrenlabor.de\/index.php?rest_route=%2Fwp%2Fv2%2Fmedia&parent=545"}],"curies":[{"name":"wp","href":"https:\/\/api.w.org\/{rel}","templated":true}]}}