{"id":460,"date":"2021-06-03T11:06:42","date_gmt":"2021-06-03T11:06:42","guid":{"rendered":"https:\/\/wilke-gitarrenlabor.de\/?page_id=460"},"modified":"2021-06-04T18:47:38","modified_gmt":"2021-06-04T18:47:38","slug":"biegen-von-gitarrendecken","status":"publish","type":"page","link":"https:\/\/wilke-gitarrenlabor.de\/?page_id=460","title":{"rendered":"Biegen von Gitarrendecken"},"content":{"rendered":"\n<p>Gitarrendecken sind meistens aus Nadelholz und werden manchmal als gew\u00f6lbte Decken unter Vorspannung auf die Zargen geleimt. Hier geht es aber um das plastische Verformen von Gitarrendecken.<\/p>\n\n\n\n<p><strong>Warum ist die in der Einleitung zum Holzbiegen gestellte Frage nach der Formbarkeit von Nadelholz f\u00fcr Gitarrenbauer interessant?<\/strong><\/p>\n\n\n\n<p>Seit einigen Jahren bekommen Gitarren eine Armauflage f\u00fcr die Zupfhand, weil die Gitarrenkante sich schmerzhaft am Unterarm ins Ged\u00e4chtnis ruft, wenn man lange \u00fcbt oder spielt. Nun empfinde ich die meisten &#8222;Armrests&#8220; oder &#8222;Bevel&#8220; oder &#8222;Armauflagen&#8220; als ziemlich h\u00e4sslich. Deshalb habe ich mich gefragt, wie w\u00e4re es, wenn man die Decke nach hinten biegt, so dass eine Rundung entsteht, die nicht wie eine Armauflage aussieht aber eine ist?<\/p>\n\n\n\n<p>Dazu habe ich begonnen mit Restst\u00fccken von Gitarrendecken am Biegeeisen auszuprobieren, wie gut sich feuchtes Fichtenholz quer zur Faser und diagonal zur Faser biegen l\u00e4sst.<\/p>\n\n\n\n<p>Die folgenden drei Bilder zeigen ein Ergebnis des Biegens quer zur Faser.<\/p>\n\n\n\n<figure class=\"wp-block-image size-large is-resized\"><img loading=\"lazy\" decoding=\"async\" src=\"https:\/\/wilke-gitarrenlabor.de\/wp-content\/uploads\/2021\/05\/DSC00142.zugeschnitten-3000x1451.jpg\" alt=\"\" class=\"wp-image-405\" width=\"629\" height=\"303\" srcset=\"https:\/\/wilke-gitarrenlabor.de\/wp-content\/uploads\/2021\/05\/DSC00142.zugeschnitten-3000x1451.jpg 3000w, https:\/\/wilke-gitarrenlabor.de\/wp-content\/uploads\/2021\/05\/DSC00142.zugeschnitten-scaled-300x145.jpg 300w, https:\/\/wilke-gitarrenlabor.de\/wp-content\/uploads\/2021\/05\/DSC00142.zugeschnitten-150x73.jpg 150w, https:\/\/wilke-gitarrenlabor.de\/wp-content\/uploads\/2021\/05\/DSC00142.zugeschnitten-768x371.jpg 768w, https:\/\/wilke-gitarrenlabor.de\/wp-content\/uploads\/2021\/05\/DSC00142.zugeschnitten-1536x743.jpg 1536w, https:\/\/wilke-gitarrenlabor.de\/wp-content\/uploads\/2021\/05\/DSC00142.zugeschnitten-2048x990.jpg 2048w\" sizes=\"auto, (max-width: 629px) 100vw, 629px\" \/><\/figure>\n\n\n\n<figure class=\"wp-block-image size-large is-resized\"><img loading=\"lazy\" decoding=\"async\" src=\"https:\/\/wilke-gitarrenlabor.de\/wp-content\/uploads\/2021\/06\/DSC00144-3000x1683.jpg\" alt=\"\" class=\"wp-image-410\" width=\"628\" height=\"352\" srcset=\"https:\/\/wilke-gitarrenlabor.de\/wp-content\/uploads\/2021\/06\/DSC00144-3000x1683.jpg 3000w, https:\/\/wilke-gitarrenlabor.de\/wp-content\/uploads\/2021\/06\/DSC00144-scaled-300x168.jpg 300w, https:\/\/wilke-gitarrenlabor.de\/wp-content\/uploads\/2021\/06\/DSC00144-150x84.jpg 150w, https:\/\/wilke-gitarrenlabor.de\/wp-content\/uploads\/2021\/06\/DSC00144-768x431.jpg 768w, https:\/\/wilke-gitarrenlabor.de\/wp-content\/uploads\/2021\/06\/DSC00144-1536x862.jpg 1536w, https:\/\/wilke-gitarrenlabor.de\/wp-content\/uploads\/2021\/06\/DSC00144-2048x1149.jpg 2048w\" sizes=\"auto, (max-width: 628px) 100vw, 628px\" \/><\/figure>\n\n\n\n<figure class=\"wp-block-image size-large is-resized\"><img loading=\"lazy\" decoding=\"async\" src=\"https:\/\/wilke-gitarrenlabor.de\/wp-content\/uploads\/2021\/06\/DSC00146-3000x1517.jpg\" alt=\"\" class=\"wp-image-411\" width=\"630\" height=\"318\" srcset=\"https:\/\/wilke-gitarrenlabor.de\/wp-content\/uploads\/2021\/06\/DSC00146-3000x1517.jpg 3000w, https:\/\/wilke-gitarrenlabor.de\/wp-content\/uploads\/2021\/06\/DSC00146-scaled-300x152.jpg 300w, https:\/\/wilke-gitarrenlabor.de\/wp-content\/uploads\/2021\/06\/DSC00146-150x76.jpg 150w, https:\/\/wilke-gitarrenlabor.de\/wp-content\/uploads\/2021\/06\/DSC00146-768x388.jpg 768w, https:\/\/wilke-gitarrenlabor.de\/wp-content\/uploads\/2021\/06\/DSC00146-1536x777.jpg 1536w, https:\/\/wilke-gitarrenlabor.de\/wp-content\/uploads\/2021\/06\/DSC00146-2048x1036.jpg 2048w\" sizes=\"auto, (max-width: 630px) 100vw, 630px\" \/><\/figure>\n\n\n\n<p>Das folgende Bild zeigt ein Ergebnis zum Biegen eines Fichtendeckenrests diagonal zur Faser.<\/p>\n\n\n\n<figure class=\"wp-block-image size-large is-resized\"><img loading=\"lazy\" decoding=\"async\" src=\"https:\/\/wilke-gitarrenlabor.de\/wp-content\/uploads\/2021\/06\/DSC00152-3000x2268.jpg\" alt=\"\" class=\"wp-image-413\" width=\"629\" height=\"475\" srcset=\"https:\/\/wilke-gitarrenlabor.de\/wp-content\/uploads\/2021\/06\/DSC00152-3000x2268.jpg 3000w, https:\/\/wilke-gitarrenlabor.de\/wp-content\/uploads\/2021\/06\/DSC00152-scaled-300x227.jpg 300w, https:\/\/wilke-gitarrenlabor.de\/wp-content\/uploads\/2021\/06\/DSC00152-150x113.jpg 150w, https:\/\/wilke-gitarrenlabor.de\/wp-content\/uploads\/2021\/06\/DSC00152-768x581.jpg 768w, https:\/\/wilke-gitarrenlabor.de\/wp-content\/uploads\/2021\/06\/DSC00152-1536x1161.jpg 1536w, https:\/\/wilke-gitarrenlabor.de\/wp-content\/uploads\/2021\/06\/DSC00152-2048x1548.jpg 2048w\" sizes=\"auto, (max-width: 629px) 100vw, 629px\" \/><\/figure>\n\n\n\n<p>Zusammenfassend kann ich sagen, dass das Biegen der angefeuchteten Reste von Fichtendeckenholz auf dem Biegeeisen bei etwa 105 Grad Celsius quer zur Faser sehr gut und leicht funktioniert hat, ohne dass, bis zum Biegeradius von etwa 40mm, Risse oder Stauchungen entstanden sind. Das Biegen diagonal zur Faser hat zwar auch, aber etwas weniger gut funktioniert. <\/p>\n\n\n\n<p>Nach den Biegeversuchen mit Restholzst\u00fcckchen habe ich das Biegen quer zur Faser und diagonal zur Faser an einer fertig bearbeiteten Fichtenholzdecke angewendet, aus der ich den den Prototyp der <a rel=\"noreferrer noopener\" href=\"https:\/\/wilke-gitarrenlabor.de\/wp-admin\/post.php?post=221&amp;action=edit\" target=\"_blank\">Klassikgitarre Modell 2<\/a> gebaut habe. Sie hat eine Armauflage f\u00fcr Vielspieler, die quer zur Faser gebogen ist und eine Handgelenk schonende Absenkung der Decke am Hals, die auch die Erreichbarkeit der hohen B\u00fcnde etwas erleichtert, eine Absenkung &#8222;statt cut-off&#8220;.<\/p>\n\n\n\n<p><\/p>\n\n\n\n<figure class=\"wp-block-image size-large\"><img loading=\"lazy\" decoding=\"async\" width=\"418\" height=\"597\" src=\"https:\/\/wilke-gitarrenlabor.de\/wp-content\/uploads\/2021\/03\/Typ2-2-klein.jpg\" alt=\"\" class=\"wp-image-222\" srcset=\"https:\/\/wilke-gitarrenlabor.de\/wp-content\/uploads\/2021\/03\/Typ2-2-klein.jpg 418w, https:\/\/wilke-gitarrenlabor.de\/wp-content\/uploads\/2021\/03\/Typ2-2-klein-300x428.jpg 300w, https:\/\/wilke-gitarrenlabor.de\/wp-content\/uploads\/2021\/03\/Typ2-2-klein-105x150.jpg 105w\" sizes=\"auto, (max-width: 418px) 100vw, 418px\" \/><\/figure>\n\n\n\n<p><strong>Schwierigkeiten:<\/strong><\/p>\n\n\n\n<p>Die Verbindung der gebogenen Deckenteile mit der Zarge verlangen einzeln angepasste Bl\u00f6ckchen, weil der Winkel zwischen der Decke und der Zarge sich kontinuierlich ver\u00e4ndert. Im Falle meines Prototyps von 90 Grad zu etwa 160 Grad, weil ich die Decke ziemlich stark gebogen habe.<\/p>\n\n\n\n<figure class=\"wp-block-image size-large\"><img loading=\"lazy\" decoding=\"async\" width=\"683\" height=\"365\" src=\"https:\/\/wilke-gitarrenlabor.de\/wp-content\/uploads\/2021\/03\/Typ-2-Armauflage-Abstuetzung-klein.jpg\" alt=\"\" class=\"wp-image-235\" srcset=\"https:\/\/wilke-gitarrenlabor.de\/wp-content\/uploads\/2021\/03\/Typ-2-Armauflage-Abstuetzung-klein.jpg 683w, https:\/\/wilke-gitarrenlabor.de\/wp-content\/uploads\/2021\/03\/Typ-2-Armauflage-Abstuetzung-klein-300x160.jpg 300w, https:\/\/wilke-gitarrenlabor.de\/wp-content\/uploads\/2021\/03\/Typ-2-Armauflage-Abstuetzung-klein-150x80.jpg 150w\" sizes=\"auto, (max-width: 683px) 100vw, 683px\" \/><\/figure>\n\n\n\n<p>Die Randeinlagen, die aus Holz bestehen, sind dreidimensional auf dem Biegeeisen vor zu biegen und anzupassen, wobei das hochkant Biegen der Nussbaum Randeinlage relativ  schwierig war.<\/p>\n\n\n\n<figure class=\"wp-block-image size-large\"><img loading=\"lazy\" decoding=\"async\" width=\"825\" height=\"302\" src=\"https:\/\/wilke-gitarrenlabor.de\/wp-content\/uploads\/2021\/03\/Typ-2-Randeinlagen-gebogen-klein-1.jpg\" alt=\"\" class=\"wp-image-265\" srcset=\"https:\/\/wilke-gitarrenlabor.de\/wp-content\/uploads\/2021\/03\/Typ-2-Randeinlagen-gebogen-klein-1.jpg 825w, https:\/\/wilke-gitarrenlabor.de\/wp-content\/uploads\/2021\/03\/Typ-2-Randeinlagen-gebogen-klein-1-300x110.jpg 300w, https:\/\/wilke-gitarrenlabor.de\/wp-content\/uploads\/2021\/03\/Typ-2-Randeinlagen-gebogen-klein-1-150x55.jpg 150w, https:\/\/wilke-gitarrenlabor.de\/wp-content\/uploads\/2021\/03\/Typ-2-Randeinlagen-gebogen-klein-1-768x281.jpg 768w\" sizes=\"auto, (max-width: 825px) 100vw, 825px\" \/><\/figure>\n\n\n\n<p>Die Nuten f\u00fcr die Randeinlagen k\u00f6nnen nicht einfach mit der Oberfr\u00e4se hergestellt werden, weil  die Fr\u00e4ser im gebogenen Bereich definiert dem dreidimensionalen Kurvenverlauf folgen muss. Wenn man nicht mit einer CNC-Fr\u00e4smaschine arbeitet, muss man das handwerklich machen, beispielsweise mit einem  mit Abstand an der Zarge entlang gef\u00fchrten Messer und mit Stechbeitel. Mit dem Ergebnis beim Prototyp bin ich nicht zufrieden, weil ich den schwarz-wei\u00df-schwarzen Einlegespan zu weit schr\u00e4g geschliffen habe und ein St\u00fcck ersetzen musste, was nat\u00fcrlich h\u00e4\u00dflich aussieht, wenn man genauer hinsieht.<\/p>\n\n\n\n<figure class=\"wp-block-image size-large\"><img loading=\"lazy\" decoding=\"async\" width=\"1028\" height=\"636\" src=\"https:\/\/wilke-gitarrenlabor.de\/wp-content\/uploads\/2021\/06\/IMG_20210320_160949-e1622631476258.jpg\" alt=\"\" class=\"wp-image-453\" srcset=\"https:\/\/wilke-gitarrenlabor.de\/wp-content\/uploads\/2021\/06\/IMG_20210320_160949-e1622631476258.jpg 1028w, https:\/\/wilke-gitarrenlabor.de\/wp-content\/uploads\/2021\/06\/IMG_20210320_160949-e1622631476258-300x186.jpg 300w, https:\/\/wilke-gitarrenlabor.de\/wp-content\/uploads\/2021\/06\/IMG_20210320_160949-e1622631476258-150x93.jpg 150w, https:\/\/wilke-gitarrenlabor.de\/wp-content\/uploads\/2021\/06\/IMG_20210320_160949-e1622631476258-768x475.jpg 768w\" sizes=\"auto, (max-width: 1028px) 100vw, 1028px\" \/><\/figure>\n\n\n\n<p><strong>Konsequenzen<\/strong><\/p>\n\n\n\n<p>Bei der Serien-Klassikgitarre Modell 2 werde ich die Decke nicht so weit biegen, wie beim Prototyp, um die Randeinlagen besser einbauen zu k\u00f6nnen. Die letzte Abrundung werde ich durch Rundschleifen der Randeinlagen erzeugen.<\/p>\n\n\n\n<figure class=\"wp-block-image size-large\"><img loading=\"lazy\" decoding=\"async\" width=\"435\" height=\"574\" src=\"https:\/\/wilke-gitarrenlabor.de\/wp-content\/uploads\/2021\/03\/Typ-2-Armauflage-seitlich-klein-1.jpg\" alt=\"\" class=\"wp-image-279\" srcset=\"https:\/\/wilke-gitarrenlabor.de\/wp-content\/uploads\/2021\/03\/Typ-2-Armauflage-seitlich-klein-1.jpg 435w, https:\/\/wilke-gitarrenlabor.de\/wp-content\/uploads\/2021\/03\/Typ-2-Armauflage-seitlich-klein-1-300x396.jpg 300w, https:\/\/wilke-gitarrenlabor.de\/wp-content\/uploads\/2021\/03\/Typ-2-Armauflage-seitlich-klein-1-114x150.jpg 114w\" sizes=\"auto, (max-width: 435px) 100vw, 435px\" \/><\/figure>\n\n\n\n<p><img loading=\"lazy\" decoding=\"async\" src=\"https:\/\/vg05.met.vgwort.de\/na\/1573130e3be546e19e1f3501b0f5bfb6\" width=\"1\" height=\"1\" alt=\"\"><\/p>\n","protected":false},"excerpt":{"rendered":"<p>Gitarrendecken sind meistens aus Nadelholz und werden manchmal als gew\u00f6lbte Decken unter Vorspannung auf die Zargen geleimt. Hier geht es aber um das plastische Verformen von Gitarrendecken. Warum ist die in der Einleitung zum Holzbiegen gestellte Frage nach der Formbarkeit von Nadelholz f\u00fcr Gitarrenbauer interessant? Seit einigen Jahren bekommen Gitarren eine Armauflage f\u00fcr die Zupfhand, &hellip; <a href=\"https:\/\/wilke-gitarrenlabor.de\/?page_id=460\" class=\"more-link\"><span class=\"screen-reader-text\">Biegen von Gitarrendecken<\/span> weiterlesen <span class=\"meta-nav\">&rarr;<\/span><\/a><\/p>\n","protected":false},"author":1,"featured_media":0,"parent":0,"menu_order":0,"comment_status":"closed","ping_status":"closed","template":"","meta":{"footnotes":""},"class_list":["post-460","page","type-page","status-publish","hentry"],"_links":{"self":[{"href":"https:\/\/wilke-gitarrenlabor.de\/index.php?rest_route=\/wp\/v2\/pages\/460","targetHints":{"allow":["GET"]}}],"collection":[{"href":"https:\/\/wilke-gitarrenlabor.de\/index.php?rest_route=\/wp\/v2\/pages"}],"about":[{"href":"https:\/\/wilke-gitarrenlabor.de\/index.php?rest_route=\/wp\/v2\/types\/page"}],"author":[{"embeddable":true,"href":"https:\/\/wilke-gitarrenlabor.de\/index.php?rest_route=\/wp\/v2\/users\/1"}],"replies":[{"embeddable":true,"href":"https:\/\/wilke-gitarrenlabor.de\/index.php?rest_route=%2Fwp%2Fv2%2Fcomments&post=460"}],"version-history":[{"count":10,"href":"https:\/\/wilke-gitarrenlabor.de\/index.php?rest_route=\/wp\/v2\/pages\/460\/revisions"}],"predecessor-version":[{"id":500,"href":"https:\/\/wilke-gitarrenlabor.de\/index.php?rest_route=\/wp\/v2\/pages\/460\/revisions\/500"}],"wp:attachment":[{"href":"https:\/\/wilke-gitarrenlabor.de\/index.php?rest_route=%2Fwp%2Fv2%2Fmedia&parent=460"}],"curies":[{"name":"wp","href":"https:\/\/api.w.org\/{rel}","templated":true}]}}