{"id":45,"date":"2021-03-11T14:05:52","date_gmt":"2021-03-11T14:05:52","guid":{"rendered":"https:\/\/wilke-gitarrenlabor.de\/?page_id=45"},"modified":"2023-11-03T17:05:42","modified_gmt":"2023-11-03T17:05:42","slug":"impressum","status":"publish","type":"page","link":"https:\/\/wilke-gitarrenlabor.de\/?page_id=45","title":{"rendered":"Impressum"},"content":{"rendered":"\n<p><strong>Impressum<\/strong><\/p>\n\n\n\n<p>Die Site &#8218;Wilke Gitarrenlabor&#8216; wird von der Wilke Gitarrenlabor UG (haftungsbeschr\u00e4nkt) betrieben<\/p>\n\n\n\n<p>Rotenberger Steige 7\/1<\/p>\n\n\n\n<p>70327 Stuttgart<\/p>\n\n\n\n<p>juergen.wilke@wilke-gitarrenlabor.de<\/p>\n\n\n\n<p><strong>Handelsregistereintrag<\/strong><\/p>\n\n\n\n<p>Amtsgericht Stuttgart:<\/p>\n\n\n\n<p>HRB 743183<\/p>\n\n\n\n<p><strong>Umsatzsteuer-Identifikationsnummer<\/strong><\/p>\n\n\n\n<p>gem\u00e4\u00df \u00a7 27 a Umsatzsteuergesetz:<\/p>\n\n\n\n<p>USt.-ID Nr. DE289162894<\/p>\n\n\n\n<p><strong>Bankverbindung<\/strong><\/p>\n\n\n\n<p>Konto 7025 4989 00<\/p>\n\n\n\n<p>BLZ 430 609 67<\/p>\n\n\n\n<p>BIC (SWIFT-Code) GENODEM1GLS<\/p>\n\n\n\n<p>IBAN DE47 4306 0967 7025 4989 00<\/p>\n\n\n\n<p><strong>Gesch\u00e4ftsf\u00fchrer<\/strong><\/p>\n\n\n\n<p>J\u00fcrgen Wilke<\/p>\n\n\n\n<p>Verantwortlicher Redakteur:<\/p>\n\n\n\n<p>J\u00fcrgen Wilke<\/p>\n\n\n\n<p>Rotenberger Steige 7\/1<\/p>\n\n\n\n<p>70327 Stuttgart<\/p>\n\n\n\n<p>juergen.wilke@wilke-gitarrenlabor.de<\/p>\n\n\n\n<p><strong>Nutzungsrechte<\/strong><\/p>\n\n\n\n<p>Copyright \u00a9 by Wilke Gitarrenlabor UG (haftungsbeschr\u00e4nkt)<\/p>\n\n\n\n<p>Alle Rechte vorbehalten. Die Urheberrechte dieser Webseite liegen vollst\u00e4ndig bei der Wilke Gitarrenlabor UG (haftungsbeschr\u00e4nkt).<\/p>\n\n\n\n<p>Ein Download oder Ausdruck dieser Ver\u00f6ffentlichungen ist ausschlie\u00dflich f\u00fcr den pers\u00f6nlichen Gebrauch gestattet. Alle dar\u00fcber hinaus gehenden Verwendungen, insbesondere die kommerzielle Nutzung und Verbreitung, sind grunds\u00e4tzlich nicht gestattet und bed\u00fcrfen der schriftlichen Genehmigung. Anfragen richten Sie bitte an folgende Adresse:<\/p>\n\n\n\n<p>J\u00fcrgen Wilke<\/p>\n\n\n\n<p>Rotenberger Steige 7\/1<\/p>\n\n\n\n<p>70327 Stuttgart<\/p>\n\n\n\n<p>juergen.wilke@wilke-gitarrenlabor.de<\/p>\n\n\n\n<p>Ein Download oder Ausdruck ist dar\u00fcber hinaus lediglich zum Zweck der Berichterstattung \u00fcber das Wilke Gitarren Labor nach Ma\u00dfgabe untenstehender Nutzungsbedingungen gestattet:<\/p>\n\n\n\n<p>Die Verwendung der Fotografien und Grafiken ist nur nach vorheriger schriftlicher Zustimmung der Wilke Gitarrenlabor UG (haftungsbeschr\u00e4nkt) erlaubt. Es ist stets die Quellenangabe und \u00dcbersendung von zwei kostenlosen Belegexemplaren an die oben genannte Adresse erforderlich.<\/p>\n\n\n\n<p><strong>Haftungshinweis:<\/strong><\/p>\n\n\n\n<p>Wir \u00fcbernehmen keine Haftung f\u00fcr die Inhalte externer Links. F\u00fcr den Inhalt der verlinkten Seiten sind ausschlie\u00dflich deren Betreiber verantwortlich.<\/p>\n\n\n\n<p>Wir sind bem\u00fcht, das Webangebot stets aktuell und inhaltlich richtig sowie vollst\u00e4ndig anzubieten. Dennoch ist das Auftreten von Fehlern nicht v\u00f6llig auszuschlie\u00dfen. Die Wilke Gitarrenlabor UG (haftungsbeschr\u00e4nkt) \u00fcbernimmt keine Haftung f\u00fcr die Aktualit\u00e4t, die inhaltliche Richtigkeit sowie f\u00fcr die Vollst\u00e4ndigkeit der in ihrem Webangebot eingestellten Informationen. Dies bezieht sich auf eventuelle Sch\u00e4den materieller oder ideeller Art Dritter, die durch die Nutzung dieses Webangebotes verursacht wurden.<\/p>\n\n\n\n<p>Gesch\u00fctzte Marken und Namen, Bilder und Texte werden auf unseren Seiten in der Regel nicht als solche kenntlich gemacht. Das Fehlen einer solchen Kennzeichnung bedeutet jedoch nicht, dass es sich um eine freie Marken und Namen, Bilder und Texte handelt.<\/p>\n\n<div class=\"woocommerce woocommerce-gzd woocommerce-gzd-complaints-shortcode\">\n\t\t\t<h3>Alternative Streitbeilegung gem\u00e4\u00df Art. 14 Abs. 1 ODR-VO und \u00a7 36 VSBG:<\/h3>\n\t\nZur Teilnahme an einem Streitbeilegungsverfahren vor einer Verbraucherschlichtungsstelle sind wir nicht verpflichtet und nicht bereit.<\/div>","protected":false},"excerpt":{"rendered":"<p>Impressum Die Site &#8218;Wilke Gitarrenlabor&#8216; wird von der Wilke Gitarrenlabor UG (haftungsbeschr\u00e4nkt) betrieben Rotenberger Steige 7\/1 70327 Stuttgart juergen.wilke@wilke-gitarrenlabor.de Handelsregistereintrag Amtsgericht Stuttgart: HRB 743183 Umsatzsteuer-Identifikationsnummer gem\u00e4\u00df \u00a7 27 a Umsatzsteuergesetz: USt.-ID Nr. DE289162894 Bankverbindung Konto 7025 4989 00 BLZ 430 609 67 BIC (SWIFT-Code) GENODEM1GLS IBAN DE47 4306 0967 7025 4989 00 Gesch\u00e4ftsf\u00fchrer J\u00fcrgen Wilke &hellip; <a href=\"https:\/\/wilke-gitarrenlabor.de\/?page_id=45\" class=\"more-link\"><span class=\"screen-reader-text\">Impressum<\/span> weiterlesen <span class=\"meta-nav\">&rarr;<\/span><\/a><\/p>\n","protected":false},"author":1,"featured_media":0,"parent":42,"menu_order":0,"comment_status":"closed","ping_status":"closed","template":"","meta":{"footnotes":""},"class_list":["post-45","page","type-page","status-publish","hentry"],"_links":{"self":[{"href":"https:\/\/wilke-gitarrenlabor.de\/index.php?rest_route=\/wp\/v2\/pages\/45","targetHints":{"allow":["GET"]}}],"collection":[{"href":"https:\/\/wilke-gitarrenlabor.de\/index.php?rest_route=\/wp\/v2\/pages"}],"about":[{"href":"https:\/\/wilke-gitarrenlabor.de\/index.php?rest_route=\/wp\/v2\/types\/page"}],"author":[{"embeddable":true,"href":"https:\/\/wilke-gitarrenlabor.de\/index.php?rest_route=\/wp\/v2\/users\/1"}],"replies":[{"embeddable":true,"href":"https:\/\/wilke-gitarrenlabor.de\/index.php?rest_route=%2Fwp%2Fv2%2Fcomments&post=45"}],"version-history":[{"count":2,"href":"https:\/\/wilke-gitarrenlabor.de\/index.php?rest_route=\/wp\/v2\/pages\/45\/revisions"}],"predecessor-version":[{"id":652,"href":"https:\/\/wilke-gitarrenlabor.de\/index.php?rest_route=\/wp\/v2\/pages\/45\/revisions\/652"}],"up":[{"embeddable":true,"href":"https:\/\/wilke-gitarrenlabor.de\/index.php?rest_route=\/wp\/v2\/pages\/42"}],"wp:attachment":[{"href":"https:\/\/wilke-gitarrenlabor.de\/index.php?rest_route=%2Fwp%2Fv2%2Fmedia&parent=45"}],"curies":[{"name":"wp","href":"https:\/\/api.w.org\/{rel}","templated":true}]}}