{"id":42,"date":"2021-03-11T14:01:38","date_gmt":"2021-03-11T14:01:38","guid":{"rendered":"https:\/\/wilke-gitarrenlabor.de\/?page_id=42"},"modified":"2023-12-15T17:28:56","modified_gmt":"2023-12-15T17:28:56","slug":"ueber-uns","status":"publish","type":"page","link":"https:\/\/wilke-gitarrenlabor.de\/?page_id=42","title":{"rendered":"\u00dcber uns"},"content":{"rendered":"\n<p>Zur Zeit bin ich der einzige Mitarbeiter und daher Chef  des Unternehmens Wilke Gitarrenlabor UG (haftungsbeschr\u00e4nkt). Da das Unternehmen eine K\u00f6rperschaft ist und das Unternehmen K\u00f6rperschaftssteuer abf\u00fchren muss, analog zur Einkommenssteuer f\u00fcr Menschen, sind wir also zu zweit und der Plural ist gerechtfertigt!<\/p>\n\n\n\n<p>Die Untermen\u00fcpunkte bieten weitere Informationen \u00fcber uns.<\/p>\n","protected":false},"excerpt":{"rendered":"<p>Zur Zeit bin ich der einzige Mitarbeiter und daher Chef des Unternehmens Wilke Gitarrenlabor UG (haftungsbeschr\u00e4nkt). Da das Unternehmen eine K\u00f6rperschaft ist und das Unternehmen K\u00f6rperschaftssteuer abf\u00fchren muss, analog zur Einkommenssteuer f\u00fcr Menschen, sind wir also zu zweit und der Plural ist gerechtfertigt! Die Untermen\u00fcpunkte bieten weitere Informationen \u00fcber uns.<\/p>\n","protected":false},"author":1,"featured_media":0,"parent":0,"menu_order":0,"comment_status":"closed","ping_status":"closed","template":"","meta":{"footnotes":""},"class_list":["post-42","page","type-page","status-publish","hentry"],"_links":{"self":[{"href":"https:\/\/wilke-gitarrenlabor.de\/index.php?rest_route=\/wp\/v2\/pages\/42","targetHints":{"allow":["GET"]}}],"collection":[{"href":"https:\/\/wilke-gitarrenlabor.de\/index.php?rest_route=\/wp\/v2\/pages"}],"about":[{"href":"https:\/\/wilke-gitarrenlabor.de\/index.php?rest_route=\/wp\/v2\/types\/page"}],"author":[{"embeddable":true,"href":"https:\/\/wilke-gitarrenlabor.de\/index.php?rest_route=\/wp\/v2\/users\/1"}],"replies":[{"embeddable":true,"href":"https:\/\/wilke-gitarrenlabor.de\/index.php?rest_route=%2Fwp%2Fv2%2Fcomments&post=42"}],"version-history":[{"count":3,"href":"https:\/\/wilke-gitarrenlabor.de\/index.php?rest_route=\/wp\/v2\/pages\/42\/revisions"}],"predecessor-version":[{"id":781,"href":"https:\/\/wilke-gitarrenlabor.de\/index.php?rest_route=\/wp\/v2\/pages\/42\/revisions\/781"}],"wp:attachment":[{"href":"https:\/\/wilke-gitarrenlabor.de\/index.php?rest_route=%2Fwp%2Fv2%2Fmedia&parent=42"}],"curies":[{"name":"wp","href":"https:\/\/api.w.org\/{rel}","templated":true}]}}