{"id":389,"date":"2021-05-31T13:04:25","date_gmt":"2021-05-31T13:04:25","guid":{"rendered":"https:\/\/wilke-gitarrenlabor.de\/?page_id=389"},"modified":"2024-03-12T16:43:53","modified_gmt":"2024-03-12T16:43:53","slug":"themen-2","status":"publish","type":"page","link":"https:\/\/wilke-gitarrenlabor.de\/?page_id=389","title":{"rendered":"weitere Themen"},"content":{"rendered":"\n<p>Obwohl Gitarren schon seit Jahrhunderten in etwa ihrer gegenw\u00e4rtig bekannten Form gebaut werden, gibt es auch heute Neuerungen im Bau von Zupfinstrumenten. Das betrifft beispielsweise die verwendeten Materialien, die Herstellungsverfahren und h\u00e4ufig Konstruktionsdetails, die den Klang verbessern sollen oder die ergonomische Handhabung.<\/p>\n\n\n\n<p>Diesen Bereich widme ich der pers\u00f6nlichen Reflektion von Themen, die mich besch\u00e4ftigen oder besch\u00e4ftigt haben. Meine Erfahrungen und \u00dcberlegungen formuliere ich hier aus, um selbst zu klaren Schlussfolgerungen zu kommen und stelle sie auf den folgenden Seiten denen zur Verf\u00fcgung, die \u00fcber meinen Webauftritt gestolpert und an den Themen interessiert sind.<\/p>\n\n\n\n<p>Falls ich mit meinen \u00dcberlegungen zu falschen Schlussfolgerungen gekommen sein sollte, nehme ich gerne Hinweise unter wilke.gitarrenlabor@gmail.com entgegen, nat\u00fcrlich ebenso, wenn die \u00dcberlegungen Anst\u00f6\u00dfe f\u00fcr weitergehende \u00dcberlegungen oder Handlungen gegeben haben! <\/p>\n\n\n\n<p>Folgende Themen habe ich bisher diskutiert:<\/p>\n\n\n\n<ul class=\"wp-block-list\">\n<li><a href=\"https:\/\/wilke-gitarrenlabor.de\/?page_id=400\" target=\"_blank\" rel=\"noreferrer noopener\">Biegen von Gitarrenbauteilen<\/a><\/li>\n<\/ul>\n\n\n\n<p><\/p>\n","protected":false},"excerpt":{"rendered":"<p>Obwohl Gitarren schon seit Jahrhunderten in etwa ihrer gegenw\u00e4rtig bekannten Form gebaut werden, gibt es auch heute Neuerungen im Bau von Zupfinstrumenten. Das betrifft beispielsweise die verwendeten Materialien, die Herstellungsverfahren und h\u00e4ufig Konstruktionsdetails, die den Klang verbessern sollen oder die ergonomische Handhabung. Diesen Bereich widme ich der pers\u00f6nlichen Reflektion von Themen, die mich besch\u00e4ftigen oder &hellip; <a href=\"https:\/\/wilke-gitarrenlabor.de\/?page_id=389\" class=\"more-link\"><span class=\"screen-reader-text\">weitere Themen<\/span> weiterlesen <span class=\"meta-nav\">&rarr;<\/span><\/a><\/p>\n","protected":false},"author":1,"featured_media":0,"parent":0,"menu_order":0,"comment_status":"closed","ping_status":"closed","template":"","meta":{"footnotes":""},"class_list":["post-389","page","type-page","status-publish","hentry"],"_links":{"self":[{"href":"https:\/\/wilke-gitarrenlabor.de\/index.php?rest_route=\/wp\/v2\/pages\/389","targetHints":{"allow":["GET"]}}],"collection":[{"href":"https:\/\/wilke-gitarrenlabor.de\/index.php?rest_route=\/wp\/v2\/pages"}],"about":[{"href":"https:\/\/wilke-gitarrenlabor.de\/index.php?rest_route=\/wp\/v2\/types\/page"}],"author":[{"embeddable":true,"href":"https:\/\/wilke-gitarrenlabor.de\/index.php?rest_route=\/wp\/v2\/users\/1"}],"replies":[{"embeddable":true,"href":"https:\/\/wilke-gitarrenlabor.de\/index.php?rest_route=%2Fwp%2Fv2%2Fcomments&post=389"}],"version-history":[{"count":11,"href":"https:\/\/wilke-gitarrenlabor.de\/index.php?rest_route=\/wp\/v2\/pages\/389\/revisions"}],"predecessor-version":[{"id":901,"href":"https:\/\/wilke-gitarrenlabor.de\/index.php?rest_route=\/wp\/v2\/pages\/389\/revisions\/901"}],"wp:attachment":[{"href":"https:\/\/wilke-gitarrenlabor.de\/index.php?rest_route=%2Fwp%2Fv2%2Fmedia&parent=389"}],"curies":[{"name":"wp","href":"https:\/\/api.w.org\/{rel}","templated":true}]}}