{"id":33,"date":"2021-03-11T13:32:46","date_gmt":"2021-03-11T13:32:46","guid":{"rendered":"https:\/\/wilke-gitarrenlabor.de\/?page_id=33"},"modified":"2022-07-29T14:21:39","modified_gmt":"2022-07-29T14:21:39","slug":"gitarren","status":"publish","type":"page","link":"https:\/\/wilke-gitarrenlabor.de\/?page_id=33","title":{"rendered":"Gitarren und Ukulelen"},"content":{"rendered":"\n<p>Hier stelle ich mein Gitarren und Ukulelen Bauformen vor und alle Gitarren\/Ukulelen, die von mir gebaut worden sind. Da es mir mit meinem Gitarrenlabor um das Erproben von neuen Elementen, Bauformen und Verfahren geht, stelle ich meine Gitarren ausf\u00fchrlich dar. Auch Schwierigkeiten und und Fragen werden dabei thematisiert.<\/p>\n\n\n\n<p>Jede meiner Gitarren tr\u00e4gt auf dem Etikett, neben der eindeutigen Bezeichnung der Gitarre, einen <a href=\"https:\/\/de.wikipedia.org\/wiki\/QR-Code\" target=\"_blank\" rel=\"noreferrer noopener\">QR-Code<\/a>, der zu der individuellen Dokumentationsseite der Gitarre f\u00fchrt, so dass f\u00fcr eventuelle sp\u00e4tere Nacharbeiten umfang- und hilfreiche Informationen zur Verf\u00fcgung stehen, f\u00fcr alle, die eine von mir gebaute Gitarre besitzen.<\/p>\n\n\n\n<p>Wer an mehr Details zu meinen Gitarren interessiert ist, eine Gitarre erwerben oder leihen m\u00f6chte kann mich hier ansprechen: <a rel=\"noreferrer noopener\" href=\"mailto:Wilke.gitarrenlabor@gmail.com\" target=\"_blank\">Wilke.gitarrenlabor@gmail.com<\/a>. <\/p>\n","protected":false},"excerpt":{"rendered":"<p>Hier stelle ich mein Gitarren und Ukulelen Bauformen vor und alle Gitarren\/Ukulelen, die von mir gebaut worden sind. Da es mir mit meinem Gitarrenlabor um das Erproben von neuen Elementen, Bauformen und Verfahren geht, stelle ich meine Gitarren ausf\u00fchrlich dar. Auch Schwierigkeiten und und Fragen werden dabei thematisiert. Jede meiner Gitarren tr\u00e4gt auf dem Etikett, &hellip; <a href=\"https:\/\/wilke-gitarrenlabor.de\/?page_id=33\" class=\"more-link\"><span class=\"screen-reader-text\">Gitarren und Ukulelen<\/span> weiterlesen <span class=\"meta-nav\">&rarr;<\/span><\/a><\/p>\n","protected":false},"author":1,"featured_media":0,"parent":0,"menu_order":0,"comment_status":"closed","ping_status":"closed","template":"","meta":{"footnotes":""},"class_list":["post-33","page","type-page","status-publish","hentry"],"_links":{"self":[{"href":"https:\/\/wilke-gitarrenlabor.de\/index.php?rest_route=\/wp\/v2\/pages\/33","targetHints":{"allow":["GET"]}}],"collection":[{"href":"https:\/\/wilke-gitarrenlabor.de\/index.php?rest_route=\/wp\/v2\/pages"}],"about":[{"href":"https:\/\/wilke-gitarrenlabor.de\/index.php?rest_route=\/wp\/v2\/types\/page"}],"author":[{"embeddable":true,"href":"https:\/\/wilke-gitarrenlabor.de\/index.php?rest_route=\/wp\/v2\/users\/1"}],"replies":[{"embeddable":true,"href":"https:\/\/wilke-gitarrenlabor.de\/index.php?rest_route=%2Fwp%2Fv2%2Fcomments&post=33"}],"version-history":[{"count":14,"href":"https:\/\/wilke-gitarrenlabor.de\/index.php?rest_route=\/wp\/v2\/pages\/33\/revisions"}],"predecessor-version":[{"id":542,"href":"https:\/\/wilke-gitarrenlabor.de\/index.php?rest_route=\/wp\/v2\/pages\/33\/revisions\/542"}],"wp:attachment":[{"href":"https:\/\/wilke-gitarrenlabor.de\/index.php?rest_route=%2Fwp%2Fv2%2Fmedia&parent=33"}],"curies":[{"name":"wp","href":"https:\/\/api.w.org\/{rel}","templated":true}]}}