{"id":317,"date":"2021-03-23T17:32:20","date_gmt":"2021-03-23T17:32:20","guid":{"rendered":"https:\/\/wilke-gitarrenlabor.de\/?page_id=317"},"modified":"2021-06-03T17:07:13","modified_gmt":"2021-06-03T17:07:13","slug":"bauen-von-gitarren","status":"publish","type":"page","link":"https:\/\/wilke-gitarrenlabor.de\/?page_id=317","title":{"rendered":"Bauen von Gitarren"},"content":{"rendered":"\n<p>Hier finden Sie \u00fcber die Untermen\u00fcs oder direkt aus der wachsenden Liste  Videos zu den folgenden Themenfeldern:<\/p>\n\n\n\n<ul class=\"wp-block-list\"><li>Bauen vollst\u00e4ndiger Gitarren<\/li><li>Herstellen von Deckenbeleistungen (Bracings)<\/li><li>Herstellen von Zargen<\/li><li><\/li><\/ul>\n\n\n\n<p>Hinter den Untermen\u00fcs finden Sie jeweils einige Links zu den zusammengesuchten Videos.<\/p>\n\n\n\n<p>Alle Videos, die Sie hier &#8211; wie auch sonst auf dieser Site &#8211; finden, werden in einem neuen Fenster ge\u00f6ffnet. Wenn Sie das neue Fenster wieder schlie\u00dfen, sind Sie wieder hier.<\/p>\n\n\n\n<p>Viel Spa\u00df!<\/p>\n","protected":false},"excerpt":{"rendered":"<p>Hier finden Sie \u00fcber die Untermen\u00fcs oder direkt aus der wachsenden Liste Videos zu den folgenden Themenfeldern: Bauen vollst\u00e4ndiger Gitarren Herstellen von Deckenbeleistungen (Bracings) Herstellen von Zargen Hinter den Untermen\u00fcs finden Sie jeweils einige Links zu den zusammengesuchten Videos. Alle Videos, die Sie hier &#8211; wie auch sonst auf dieser Site &#8211; finden, werden in &hellip; <a href=\"https:\/\/wilke-gitarrenlabor.de\/?page_id=317\" class=\"more-link\"><span class=\"screen-reader-text\">Bauen von Gitarren<\/span> weiterlesen <span class=\"meta-nav\">&rarr;<\/span><\/a><\/p>\n","protected":false},"author":1,"featured_media":0,"parent":0,"menu_order":0,"comment_status":"closed","ping_status":"closed","template":"","meta":{"footnotes":""},"class_list":["post-317","page","type-page","status-publish","hentry"],"_links":{"self":[{"href":"https:\/\/wilke-gitarrenlabor.de\/index.php?rest_route=\/wp\/v2\/pages\/317","targetHints":{"allow":["GET"]}}],"collection":[{"href":"https:\/\/wilke-gitarrenlabor.de\/index.php?rest_route=\/wp\/v2\/pages"}],"about":[{"href":"https:\/\/wilke-gitarrenlabor.de\/index.php?rest_route=\/wp\/v2\/types\/page"}],"author":[{"embeddable":true,"href":"https:\/\/wilke-gitarrenlabor.de\/index.php?rest_route=\/wp\/v2\/users\/1"}],"replies":[{"embeddable":true,"href":"https:\/\/wilke-gitarrenlabor.de\/index.php?rest_route=%2Fwp%2Fv2%2Fcomments&post=317"}],"version-history":[{"count":4,"href":"https:\/\/wilke-gitarrenlabor.de\/index.php?rest_route=\/wp\/v2\/pages\/317\/revisions"}],"predecessor-version":[{"id":498,"href":"https:\/\/wilke-gitarrenlabor.de\/index.php?rest_route=\/wp\/v2\/pages\/317\/revisions\/498"}],"wp:attachment":[{"href":"https:\/\/wilke-gitarrenlabor.de\/index.php?rest_route=%2Fwp%2Fv2%2Fmedia&parent=317"}],"curies":[{"name":"wp","href":"https:\/\/api.w.org\/{rel}","templated":true}]}}