{"id":311,"date":"2021-03-23T17:20:57","date_gmt":"2021-03-23T17:20:57","guid":{"rendered":"https:\/\/wilke-gitarrenlabor.de\/?page_id=311"},"modified":"2021-06-03T15:56:57","modified_gmt":"2021-06-03T15:56:57","slug":"gitarrentypen","status":"publish","type":"page","link":"https:\/\/wilke-gitarrenlabor.de\/?page_id=311","title":{"rendered":"Gitarrentypen"},"content":{"rendered":"\n<p>Inbegriff der Gitarre war lange Zeit die <strong>Bauform <\/strong>der \u201aklassischen\u2018 Gitarre. Und w\u00fcrde man jemanden bitten eine Gitarre zu skizzieren, h\u00e4tte sie wahrscheinlich auch heute noch die \u201atypische\u2018 Form mit einer ausgepr\u00e4gten Taille, zwei runden Schultern und einen etwas rundlicheren Unterleib.<\/p>\n\n\n\n<figure class=\"wp-block-image size-large\"><img loading=\"lazy\" decoding=\"async\" width=\"400\" height=\"282\" src=\"https:\/\/wilke-gitarrenlabor.de\/wp-content\/uploads\/2021\/03\/A31EFA9F-5FFD-4E8F-9498-1E85AFB21A5E-1-e1617202901547.png\" alt=\"\" class=\"wp-image-354\" srcset=\"https:\/\/wilke-gitarrenlabor.de\/wp-content\/uploads\/2021\/03\/A31EFA9F-5FFD-4E8F-9498-1E85AFB21A5E-1-e1617202901547.png 400w, https:\/\/wilke-gitarrenlabor.de\/wp-content\/uploads\/2021\/03\/A31EFA9F-5FFD-4E8F-9498-1E85AFB21A5E-1-e1617202901547-300x212.png 300w\" sizes=\"auto, (max-width: 400px) 100vw, 400px\" \/><\/figure>\n\n\n\n<p>Schaut man aber Gitarrenzeitschriften durch, dann sieht man mehr Gitarren anderer Bauformen als den \u201aklassischen\u2018 Typ. Von den 148 Gitarrenfotos, die man auf den ersten 50 Seiten der Zeitschrift <strong><em>Akustik Gitarre 1\/13<\/em> <\/strong>sieht, sind lediglich vierzehn Gitarren vom \u201aklassischen\u2018 Typ, also nicht ganz 10%! Es sind siebenunddrei\u00dfig \u201aDreadnought\u2018 Gitarren sind zu sehen, landl\u00e4ufig als \u201aWestern Gitarre\u2018 bezeichnet (25%). Ebenso oft findet man die wuchtigen \u201aOrchestra\/Grand Auditorium\u2018 mit Cut-off (25%).<\/p>\n\n\n\n<p>Unterscheidet man nur zwischen klassischen, normalgro\u00dfen (4\/4) Gitarren und Stahlbesaiteten Gitarren, dann kommt man auf das Verh\u00e4ltnis 14 zu  126, genau neunmal so viele Stahlsaiten-Gitarren als &#8222;normale&#8220; nylonbesaitete Klassik-Gitarren!<\/p>\n\n\n\n<p>Alle mit Stahlsaiten besaiteten Gitarrentypen, bezeichnet man oft zusammenfassend als &#8222;Akustik-Gitarren&#8220; (Acoustic guitars), obwohl nat\u00fcrlich gerade Nylon besaitete Gitarren akustische Gitarren sind und nicht so h\u00e4ufig mit einem Tonabnehmersystem ausgestattet sind wie sogenannte &#8222;Akustik-Gitarren&#8220;.<\/p>\n\n\n\n<p>Auch eine \u201aBarock-Gitarre\u2018 ist auf dem Scho\u00df von <em>Sting<\/em> in der oben erw\u00e4hnten Zeitschrift zu sehen (S. 8).<\/p>\n\n\n\n<p>Mit der historischen Rundbrille erwartet man im R\u00fcckblick auf die Jahrzehnte eine andere Verteilung der Gitarren auf die Gitarrentypen.<\/p>\n\n\n\n<p>Im Einzelnen: Bei der Bilder-Z\u00e4hlung in 2013 und 2021 habe ich die folgenden, etwas unscharfen Kategorien verwendet und Anzahlen an Gitarrenbildern pro Kategorie gez\u00e4hlt:<\/p>\n\n\n\n<figure class=\"wp-block-table is-style-stripes\"><table><tbody><tr><td><strong>Gitarrentyp<\/strong><\/td><td><strong>Anzahl an Gitarren dieses Typs<\/strong><\/td><td><\/td><td><\/td><\/tr><tr><td><\/td><td>2013<\/td><td>2021<\/td><td><\/td><\/tr><tr><td><span class=\"has-inline-color has-red-color\">Klassische Gitarre<\/span><\/td><td><span class=\"has-inline-color has-red-color\">14<\/span><\/td><td><span class=\"has-inline-color has-red-color\"><strong>25<\/strong><\/span><\/td><td><\/td><\/tr><tr><td><span class=\"has-inline-color has-red-color\">Klassische Gitarre mit Cut-off<\/span><\/td><td><span class=\"has-inline-color has-red-color\">2<\/span><\/td><td><span class=\"has-inline-color has-red-color\">2<\/span><\/td><td><\/td><\/tr><tr><td><span style=\"color:#0174a5\" class=\"has-inline-color\">Dreadnought Steelstring<\/span><\/td><td><span style=\"color:#0272a2\" class=\"has-inline-color\">37<\/span><\/td><td><span style=\"color:#0277a9\" class=\"has-inline-color\"><strong>9<\/strong><\/span><\/td><td><\/td><\/tr><tr><td><span style=\"color:#0173a4\" class=\"has-inline-color\">Dreadnought mit Cut-off<\/span><\/td><td><span style=\"color:#0173a4\" class=\"has-inline-color\">15<\/span><\/td><td><span style=\"color:#0173a4\" class=\"has-inline-color\"><strong>1<\/strong><\/span><\/td><td><\/td><\/tr><tr><td><span style=\"color:#0071a2\" class=\"has-inline-color\">Jumbo Steelstring<\/span><\/td><td><span style=\"color:#0272a2\" class=\"has-inline-color\">0<\/span><\/td><td><span style=\"color:#0172a3\" class=\"has-inline-color\">1<\/span><\/td><td><\/td><\/tr><tr><td><span style=\"color:#0073a4\" class=\"has-inline-color\">Parlour Steelstring<\/span><\/td><td><span style=\"color:#0172a2\" class=\"has-inline-color\">1<\/span><\/td><td><span style=\"color:#0274a5\" class=\"has-inline-color\">1<\/span><\/td><td><\/td><\/tr><tr><td><span style=\"color:#0073a5\" class=\"has-inline-color\">Orchestra\/<\/span><span style=\"color:#0173a4\" class=\"has-inline-color\">Grand Auditorium Steelstring<\/span><\/td><td><span style=\"color:#0172a2\" class=\"has-inline-color\">33<\/span><\/td><td><span style=\"color:#0171a1\" class=\"has-inline-color\"><strong>22<\/strong><\/span><\/td><td><\/td><\/tr><tr><td><span style=\"color:#0172a3\" class=\"has-inline-color\">Orchestra\/Grand Auditorium mit Cut-off<\/span><\/td><td><span style=\"color:#0172a3\" class=\"has-inline-color\">37<\/span><\/td><td><span style=\"color:#0275a6\" class=\"has-inline-color\"><strong>41<\/strong><\/span><\/td><td><\/td><\/tr><tr><td><span style=\"color:#0272a2\" class=\"has-inline-color\">Jazz-Gitarren Steelstring<\/span><\/td><td><span style=\"color:#0174a5\" class=\"has-inline-color\">3<\/span><\/td><td><span style=\"color:#0274a5\" class=\"has-inline-color\">0<\/span><\/td><td><\/td><\/tr><tr><td><span class=\"has-inline-color has-red-color\">Barock Nylon\/Darm<\/span><\/td><td><span class=\"has-inline-color has-red-color\">1<\/span><\/td><td><span class=\"has-inline-color has-red-color\">0<\/span><\/td><td><\/td><\/tr><tr><td><span class=\"has-inline-color has-red-color\">Kindergitarren Nylon<\/span> <\/td><td><span class=\"has-inline-color has-red-color\">1<\/span><\/td><td><span class=\"has-inline-color has-red-color\">0<\/span><\/td><td><\/td><\/tr><tr><td>Sonderformen (nicht zuordenbar)<\/td><td>6<\/td><td><strong>23<\/strong><\/td><td><\/td><\/tr><\/tbody><\/table><\/figure>\n\n\n\n<p>Wie hat sich die Verteilung in den Zufallsstichproben 2013 bis 2021 ver\u00e4ndert? Es sind mehr &#8222;typische&#8220; Klassik-Gitarren zu sehen (19%) und deutlich weniger Dreadnought Varianten. Bei den taillierten Steelstrings (Orchestra\/Grand Auditorium) hat der Anteil an Cut-off Varianten zugenommen. Insgesamt sind immer noch deutlich mehr Steelstring-Varianten abgebildet: 80% auf den ersten 50 Seiten der Zeitschrift <strong><em>Akustik Gitarre 4-21<\/em><\/strong>. Bei den Sonderformen sind im Jahr 2021 viele Gitarren mit anderen Saitenzahlen als sechs zu sehen, mal weniger, mal mehr als sechs.<\/p>\n\n\n\n<p>&#8230;aber das waren nur Z\u00e4hlungen von Fotos auf den je ersten 50 Seiten von zwei zuf\u00e4llig ausgew\u00e4hlten Zeitschriften zur Einsch\u00e4tzung der Pr\u00e4senz von Gitarrenformen in den Augen von Leserinnen und Lesern von Gitarren Zeitschriften&#8230;<\/p>\n\n\n\n<p><img loading=\"lazy\" decoding=\"async\" src=\"https:\/\/vg05.met.vgwort.de\/na\/304bc2020c984cbe8029752801545c41\" width=\"1\" height=\"1\" alt=\"\"><\/p>\n\n\n\n<p><\/p>\n","protected":false},"excerpt":{"rendered":"<p>Inbegriff der Gitarre war lange Zeit die Bauform der \u201aklassischen\u2018 Gitarre. Und w\u00fcrde man jemanden bitten eine Gitarre zu skizzieren, h\u00e4tte sie wahrscheinlich auch heute noch die \u201atypische\u2018 Form mit einer ausgepr\u00e4gten Taille, zwei runden Schultern und einen etwas rundlicheren Unterleib. Schaut man aber Gitarrenzeitschriften durch, dann sieht man mehr Gitarren anderer Bauformen als den &hellip; <a href=\"https:\/\/wilke-gitarrenlabor.de\/?page_id=311\" class=\"more-link\"><span class=\"screen-reader-text\">Gitarrentypen<\/span> weiterlesen <span class=\"meta-nav\">&rarr;<\/span><\/a><\/p>\n","protected":false},"author":1,"featured_media":0,"parent":0,"menu_order":0,"comment_status":"closed","ping_status":"closed","template":"","meta":{"footnotes":""},"class_list":["post-311","page","type-page","status-publish","hentry"],"_links":{"self":[{"href":"https:\/\/wilke-gitarrenlabor.de\/index.php?rest_route=\/wp\/v2\/pages\/311","targetHints":{"allow":["GET"]}}],"collection":[{"href":"https:\/\/wilke-gitarrenlabor.de\/index.php?rest_route=\/wp\/v2\/pages"}],"about":[{"href":"https:\/\/wilke-gitarrenlabor.de\/index.php?rest_route=\/wp\/v2\/types\/page"}],"author":[{"embeddable":true,"href":"https:\/\/wilke-gitarrenlabor.de\/index.php?rest_route=\/wp\/v2\/users\/1"}],"replies":[{"embeddable":true,"href":"https:\/\/wilke-gitarrenlabor.de\/index.php?rest_route=%2Fwp%2Fv2%2Fcomments&post=311"}],"version-history":[{"count":16,"href":"https:\/\/wilke-gitarrenlabor.de\/index.php?rest_route=\/wp\/v2\/pages\/311\/revisions"}],"predecessor-version":[{"id":495,"href":"https:\/\/wilke-gitarrenlabor.de\/index.php?rest_route=\/wp\/v2\/pages\/311\/revisions\/495"}],"wp:attachment":[{"href":"https:\/\/wilke-gitarrenlabor.de\/index.php?rest_route=%2Fwp%2Fv2%2Fmedia&parent=311"}],"curies":[{"name":"wp","href":"https:\/\/api.w.org\/{rel}","templated":true}]}}