{"id":221,"date":"2021-03-20T16:56:42","date_gmt":"2021-03-20T16:56:42","guid":{"rendered":"https:\/\/wilke-gitarrenlabor.de\/?page_id=221"},"modified":"2021-06-01T12:18:09","modified_gmt":"2021-06-01T12:18:09","slug":"klassikgitarre-typ-2","status":"publish","type":"page","link":"https:\/\/wilke-gitarrenlabor.de\/?page_id=221","title":{"rendered":"Klassikgitarre Modell 2"},"content":{"rendered":"\n<p>Dieses zweite Klassikgitarren Modell, der von mir nach meinen Entw\u00fcrfen gebauten Gitarren, orientiert sich wie das Modell 1 an der Bauform, die <a rel=\"noreferrer noopener\" href=\"https:\/\/de.wikipedia.org\/wiki\/Antonio_de_Torres\" target=\"_blank\">Antonio de Torres Jurado<\/a> etabliert hat, in den Ma\u00dfen an einer Gitarre, die ich 1989 von<a href=\"https:\/\/www.burguet.com\/\" target=\"_blank\" rel=\"noreferrer noopener\"> Amalio Burguet<\/a> gekauft habe, sowie an Details aus dem Buch &#8222;Guitarmaking &#8211; Tradition and Technologie&#8220; von <a rel=\"noreferrer noopener\" href=\"https:\/\/www.buecher.de\/shop\/musik\/guitarmaking-tradition-and-technology-a-complete-reference-for-the-design--construction-of-the-steel-string-folk\/-\/products_products\/detail\/prod_id\/13845170\/\" target=\"_blank\">W. R. Cumpiano and J. D. Natelson<\/a>. Die Gitarren sind in der spanischen Bauweise gebaut und haben eine F\u00e4cherbeleistung mit sieben Leisten.<\/p>\n\n\n\n<p>Was das Modell 2 von Modell 1 unterscheidet, ist die gebogene Decke als Armauflage f\u00fcr den rechten Arm und eine gebogene Absenkung der Decke beim Hals, um die hohen B\u00fcnde bequemer und ohne eine scharfe Kante im Handgelenk zu erreichen. Die ergonomischen Ziele sind, eine bequeme Armauflage f\u00fcr den Spielarm zu schaffen, sowie eine bessere Zug\u00e4nglichkeit zu den h\u00f6heren Lagen zu erreichen. Beides verbunden mit dem gestalterischen Ziel, die Gitarre fast wie eine &#8222;normale&#8220; Klassikgitarre aussehen zu lassen, ohne abgesetzte Armauflage und ohne cut-off. <\/p>\n\n\n\n<figure class=\"wp-block-image size-large is-resized\"><img loading=\"lazy\" decoding=\"async\" src=\"https:\/\/wilke-gitarrenlabor.de\/wp-content\/uploads\/2021\/03\/Typ2-2-klein.jpg\" alt=\"\" class=\"wp-image-222\" width=\"281\" height=\"402\" srcset=\"https:\/\/wilke-gitarrenlabor.de\/wp-content\/uploads\/2021\/03\/Typ2-2-klein.jpg 418w, https:\/\/wilke-gitarrenlabor.de\/wp-content\/uploads\/2021\/03\/Typ2-2-klein-300x428.jpg 300w, https:\/\/wilke-gitarrenlabor.de\/wp-content\/uploads\/2021\/03\/Typ2-2-klein-105x150.jpg 105w\" sizes=\"auto, (max-width: 281px) 100vw, 281px\" \/><\/figure>\n\n\n\n<p>Konstruktionsdetails und weitere Infos zu den einzelnen von mir gebauten Gitarren des Modells 2 gibt es auf den Untermen\u00fcseiten, zu denen Sie auch aus der unten stehenden Liste gelangen.<\/p>\n\n\n\n<p>Hier sind alle von mir gebauten Klassikgitarren des Modells 2 aufgelistet:<\/p>\n\n\n\n<ul class=\"wp-block-list\"><li><a rel=\"noreferrer noopener\" href=\"https:\/\/wilke-gitarrenlabor.de\/?page_id=225\" target=\"_blank\">Prototyp 1 KG Modell 2<\/a><\/li><\/ul>\n","protected":false},"excerpt":{"rendered":"<p>Dieses zweite Klassikgitarren Modell, der von mir nach meinen Entw\u00fcrfen gebauten Gitarren, orientiert sich wie das Modell 1 an der Bauform, die Antonio de Torres Jurado etabliert hat, in den Ma\u00dfen an einer Gitarre, die ich 1989 von Amalio Burguet gekauft habe, sowie an Details aus dem Buch &#8222;Guitarmaking &#8211; Tradition and Technologie&#8220; von W. &hellip; <a href=\"https:\/\/wilke-gitarrenlabor.de\/?page_id=221\" class=\"more-link\"><span class=\"screen-reader-text\">Klassikgitarre Modell 2<\/span> weiterlesen <span class=\"meta-nav\">&rarr;<\/span><\/a><\/p>\n","protected":false},"author":1,"featured_media":0,"parent":0,"menu_order":0,"comment_status":"closed","ping_status":"closed","template":"","meta":{"footnotes":""},"class_list":["post-221","page","type-page","status-publish","hentry"],"_links":{"self":[{"href":"https:\/\/wilke-gitarrenlabor.de\/index.php?rest_route=\/wp\/v2\/pages\/221","targetHints":{"allow":["GET"]}}],"collection":[{"href":"https:\/\/wilke-gitarrenlabor.de\/index.php?rest_route=\/wp\/v2\/pages"}],"about":[{"href":"https:\/\/wilke-gitarrenlabor.de\/index.php?rest_route=\/wp\/v2\/types\/page"}],"author":[{"embeddable":true,"href":"https:\/\/wilke-gitarrenlabor.de\/index.php?rest_route=\/wp\/v2\/users\/1"}],"replies":[{"embeddable":true,"href":"https:\/\/wilke-gitarrenlabor.de\/index.php?rest_route=%2Fwp%2Fv2%2Fcomments&post=221"}],"version-history":[{"count":7,"href":"https:\/\/wilke-gitarrenlabor.de\/index.php?rest_route=\/wp\/v2\/pages\/221\/revisions"}],"predecessor-version":[{"id":421,"href":"https:\/\/wilke-gitarrenlabor.de\/index.php?rest_route=\/wp\/v2\/pages\/221\/revisions\/421"}],"wp:attachment":[{"href":"https:\/\/wilke-gitarrenlabor.de\/index.php?rest_route=%2Fwp%2Fv2%2Fmedia&parent=221"}],"curies":[{"name":"wp","href":"https:\/\/api.w.org\/{rel}","templated":true}]}}