{"id":22,"date":"2021-03-11T12:56:07","date_gmt":"2021-03-11T12:56:07","guid":{"rendered":"https:\/\/wilke-gitarrenlabor.de\/?page_id=22"},"modified":"2023-12-22T01:06:42","modified_gmt":"2023-12-22T01:06:42","slug":"gitarren-spielen","status":"publish","type":"page","link":"https:\/\/wilke-gitarrenlabor.de\/?page_id=22","title":{"rendered":"&#8230;spielen"},"content":{"rendered":"\n<p>Warum gibt es hier das X-te Angebot zum Spielen von Gitarren? Es bewegt sich was! Es gibt neben den klassischen Spielweisen Neues! &#8230;auch wenn es das manchmal schon l\u00e4nger gibt als man denkt.<\/p>\n\n\n\n<p>Wer kennt nicht das Filmchen von <em>Walk off the Earth<\/em> in dem sie Gotye&#8217;s: <em><a href=\"https:\/\/www.youtube.com\/watch?v=d9NF2edxy-M\" target=\"_blank\" rel=\"noreferrer noopener\">Somebody that I used to know<\/a><\/em> covern&#8230; f\u00fcnf Menschen spielen auf einer gew\u00f6hnlichen Gitarre mit nur einem Griffbrett&#8230;<\/p>\n\n\n\n<p>Tapping und Co. lassen gr\u00fc\u00dfen!<\/p>\n\n\n\n<p>Es ist schon erstaunlich, dass es immer wieder Neues gibt in der Musik. Manchmal sind es Kl\u00e4nge, die einfach zu spielen sind, die einen aber ber\u00fchren. Oft ist Musik verbunden mit Erlebtem, oft mit Lebensphasen, immer mit Gef\u00fchlen. Musik ist wie Riechen: Rosenduft ist Rosenduft. Es gibt keine anderen Beschreibungen und keine anderen Kan\u00e4le, \u00fcber die man jemandem, der nie eine bestimmte Rose gerochen hat vermitteln k\u00f6nnte, wie diese Rose riecht. <br>Gitarrenklang ist Gitarrenklang und wie es verschiedene Rosen gibt, gibt es auch verschiedene Gitarren.<\/p>\n\n\n\n<p>Ich bin Gitarrenzupfer. Nachts, nach einer Viertel Stunde Einspielzeit, zweimaligem Nachstimmen der Gitarre, bin ich abgetaucht und klimper mich mit etwas schr\u00e4gen Akkorden in Trance, zumindest fast. Immer noch probiere ich neue Akkorde und Akkordfolgen aus. Das ist mein Ding. Mir gef\u00e4llt, wie andere \u201estrummen\u201c oder mit dem Plektrum picken. Nur, ich mach es nicht.<\/p>\n\n\n\n<p>Auf weiteren Seiten werden Beispiele f\u00fcr verschiedene Spielweisen vorgestellt, die mir gefallen und exemplarisch f\u00fcr bestimmte Kategorien sind.<\/p>\n","protected":false},"excerpt":{"rendered":"<p>Warum gibt es hier das X-te Angebot zum Spielen von Gitarren? Es bewegt sich was! Es gibt neben den klassischen Spielweisen Neues! &#8230;auch wenn es das manchmal schon l\u00e4nger gibt als man denkt. Wer kennt nicht das Filmchen von Walk off the Earth in dem sie Gotye&#8217;s: Somebody that I used to know covern&#8230; f\u00fcnf &hellip; <a href=\"https:\/\/wilke-gitarrenlabor.de\/?page_id=22\" class=\"more-link\"><span class=\"screen-reader-text\">&#8230;spielen<\/span> weiterlesen <span class=\"meta-nav\">&rarr;<\/span><\/a><\/p>\n","protected":false},"author":1,"featured_media":0,"parent":0,"menu_order":0,"comment_status":"closed","ping_status":"closed","template":"","meta":{"footnotes":""},"class_list":["post-22","page","type-page","status-publish","hentry"],"_links":{"self":[{"href":"https:\/\/wilke-gitarrenlabor.de\/index.php?rest_route=\/wp\/v2\/pages\/22","targetHints":{"allow":["GET"]}}],"collection":[{"href":"https:\/\/wilke-gitarrenlabor.de\/index.php?rest_route=\/wp\/v2\/pages"}],"about":[{"href":"https:\/\/wilke-gitarrenlabor.de\/index.php?rest_route=\/wp\/v2\/types\/page"}],"author":[{"embeddable":true,"href":"https:\/\/wilke-gitarrenlabor.de\/index.php?rest_route=\/wp\/v2\/users\/1"}],"replies":[{"embeddable":true,"href":"https:\/\/wilke-gitarrenlabor.de\/index.php?rest_route=%2Fwp%2Fv2%2Fcomments&post=22"}],"version-history":[{"count":7,"href":"https:\/\/wilke-gitarrenlabor.de\/index.php?rest_route=\/wp\/v2\/pages\/22\/revisions"}],"predecessor-version":[{"id":829,"href":"https:\/\/wilke-gitarrenlabor.de\/index.php?rest_route=\/wp\/v2\/pages\/22\/revisions\/829"}],"wp:attachment":[{"href":"https:\/\/wilke-gitarrenlabor.de\/index.php?rest_route=%2Fwp%2Fv2%2Fmedia&parent=22"}],"curies":[{"name":"wp","href":"https:\/\/api.w.org\/{rel}","templated":true}]}}